{"id":7027,"date":"2023-11-22T19:06:04","date_gmt":"2023-11-22T18:06:04","guid":{"rendered":"http:\/\/stampcurio.com\/?post_type=product&#038;p=7027"},"modified":"2025-12-05T04:10:48","modified_gmt":"2025-12-05T03:10:48","slug":"1947-roosevelt-szep-pecsetelt-blokkpar-phu-60-000-ft","status":"publish","type":"product","link":"https:\/\/stampcurio.com\/hu\/termek\/1947-roosevelt-szep-pecsetelt-blokkpar-phu-60-000-ft\/","title":{"rendered":"1947 ROOSEVELT sz\u00e9p pecs\u00e9telt blokkp\u00e1r PHu: 60.000 ft"},"content":{"rendered":"","protected":false},"excerpt":{"rendered":"","protected":false},"featured_media":11946,"template":"","meta":[],"product_brand":[],"product_cat":[73],"product_tag":[1044,116],"class_list":{"0":"post-7027","1":"product","2":"type-product","3":"status-publish","4":"has-post-thumbnail","6":"product_cat-magyarorszag-1st","7":"product_tag-1st-auction-hu","8":"product_tag-belyeg","9":"pa_catalog_id-763","11":"first","12":"instock","13":"sold-individually","14":"shipping-taxable","15":"product-type-simple"},"_links":{"self":[{"href":"https:\/\/stampcurio.com\/hu\/wp-json\/wp\/v2\/product\/7027","targetHints":{"allow":["GET"]}}],"collection":[{"href":"https:\/\/stampcurio.com\/hu\/wp-json\/wp\/v2\/product"}],"about":[{"href":"https:\/\/stampcurio.com\/hu\/wp-json\/wp\/v2\/types\/product"}],"wp:featuredmedia":[{"embeddable":true,"href":"https:\/\/stampcurio.com\/hu\/wp-json\/wp\/v2\/media\/11946"}],"wp:attachment":[{"href":"https:\/\/stampcurio.com\/hu\/wp-json\/wp\/v2\/media?parent=7027"}],"wp:term":[{"taxonomy":"product_brand","embeddable":true,"href":"https:\/\/stampcurio.com\/hu\/wp-json\/wp\/v2\/product_brand?post=7027"},{"taxonomy":"product_cat","embeddable":true,"href":"https:\/\/stampcurio.com\/hu\/wp-json\/wp\/v2\/product_cat?post=7027"},{"taxonomy":"product_tag","embeddable":true,"href":"https:\/\/stampcurio.com\/hu\/wp-json\/wp\/v2\/product_tag?post=7027"}],"curies":[{"name":"wp","href":"https:\/\/api.w.org\/{rel}","templated":true}]}}