{"id":7020,"date":"2023-11-22T18:58:34","date_gmt":"2023-11-22T17:58:34","guid":{"rendered":"http:\/\/stampcurio.com\/?post_type=product&#038;p=7020"},"modified":"2025-12-05T04:10:49","modified_gmt":"2025-12-05T03:10:49","slug":"1950-upu-vagott-pecsetelt-blokk-szamvizjellel-aa-allas-phu-300-000-ft","status":"publish","type":"product","link":"https:\/\/stampcurio.com\/hu\/termek\/1950-upu-vagott-pecsetelt-blokk-szamvizjellel-aa-allas-phu-300-000-ft\/","title":{"rendered":"1950 UPU v\u00e1gott pecs\u00e9telt blokk, sz\u00e1mv\u00edzjellel Aa \u00e1ll\u00e1s, Phu 300.000 ft"},"content":{"rendered":"","protected":false},"excerpt":{"rendered":"","protected":false},"featured_media":7178,"template":"","meta":[],"product_brand":[],"product_cat":[73],"product_tag":[1044,116,115,176],"class_list":{"0":"post-7020","1":"product","2":"type-product","3":"status-publish","4":"has-post-thumbnail","6":"product_cat-magyarorszag-1st","7":"product_tag-1st-auction-hu","8":"product_tag-belyeg","9":"product_tag-legiposta","10":"product_tag-philagem","11":"pa_catalog_id-761","13":"first","14":"instock","15":"sold-individually","16":"shipping-taxable","17":"product-type-simple"},"_links":{"self":[{"href":"https:\/\/stampcurio.com\/hu\/wp-json\/wp\/v2\/product\/7020","targetHints":{"allow":["GET"]}}],"collection":[{"href":"https:\/\/stampcurio.com\/hu\/wp-json\/wp\/v2\/product"}],"about":[{"href":"https:\/\/stampcurio.com\/hu\/wp-json\/wp\/v2\/types\/product"}],"wp:featuredmedia":[{"embeddable":true,"href":"https:\/\/stampcurio.com\/hu\/wp-json\/wp\/v2\/media\/7178"}],"wp:attachment":[{"href":"https:\/\/stampcurio.com\/hu\/wp-json\/wp\/v2\/media?parent=7020"}],"wp:term":[{"taxonomy":"product_brand","embeddable":true,"href":"https:\/\/stampcurio.com\/hu\/wp-json\/wp\/v2\/product_brand?post=7020"},{"taxonomy":"product_cat","embeddable":true,"href":"https:\/\/stampcurio.com\/hu\/wp-json\/wp\/v2\/product_cat?post=7020"},{"taxonomy":"product_tag","embeddable":true,"href":"https:\/\/stampcurio.com\/hu\/wp-json\/wp\/v2\/product_tag?post=7020"}],"curies":[{"name":"wp","href":"https:\/\/api.w.org\/{rel}","templated":true}]}}