{"id":7006,"date":"2023-11-22T18:14:43","date_gmt":"2023-11-22T17:14:43","guid":{"rendered":"http:\/\/stampcurio.com\/?post_type=product&#038;p=7006"},"modified":"2025-12-05T04:10:51","modified_gmt":"2025-12-05T03:10:51","slug":"1973-kepes-porto-postatiszta-20f-ertekszammal-es-ertekszam-nelkul-osszefuggo-parban","status":"publish","type":"product","link":"https:\/\/stampcurio.com\/hu\/termek\/1973-kepes-porto-postatiszta-20f-ertekszammal-es-ertekszam-nelkul-osszefuggo-parban\/","title":{"rendered":"1973 K\u00e9pes port\u00f3 postatiszta ** 20f \u00e9rt\u00e9ksz\u00e1mmal \u00e9s \u00e9rt\u00e9ksz\u00e1m n\u00e9lk\u00fcl \u00f6sszef\u00fcgg\u0151 p\u00e1rban"},"content":{"rendered":"","protected":false},"excerpt":{"rendered":"","protected":false},"featured_media":11910,"template":"","meta":[],"product_brand":[],"product_cat":[73],"product_tag":[1044,116,1008,176,108,217],"class_list":{"0":"post-7006","1":"product","2":"type-product","3":"status-publish","4":"has-post-thumbnail","6":"product_cat-magyarorszag-1st","7":"product_tag-1st-auction-hu","8":"product_tag-belyeg","9":"product_tag-ebay","10":"product_tag-philagem","11":"product_tag-porto","12":"product_tag-tevnyomat","13":"pa_catalog_id-754","15":"first","16":"instock","17":"sold-individually","18":"shipping-taxable","19":"product-type-simple"},"_links":{"self":[{"href":"https:\/\/stampcurio.com\/hu\/wp-json\/wp\/v2\/product\/7006","targetHints":{"allow":["GET"]}}],"collection":[{"href":"https:\/\/stampcurio.com\/hu\/wp-json\/wp\/v2\/product"}],"about":[{"href":"https:\/\/stampcurio.com\/hu\/wp-json\/wp\/v2\/types\/product"}],"wp:featuredmedia":[{"embeddable":true,"href":"https:\/\/stampcurio.com\/hu\/wp-json\/wp\/v2\/media\/11910"}],"wp:attachment":[{"href":"https:\/\/stampcurio.com\/hu\/wp-json\/wp\/v2\/media?parent=7006"}],"wp:term":[{"taxonomy":"product_brand","embeddable":true,"href":"https:\/\/stampcurio.com\/hu\/wp-json\/wp\/v2\/product_brand?post=7006"},{"taxonomy":"product_cat","embeddable":true,"href":"https:\/\/stampcurio.com\/hu\/wp-json\/wp\/v2\/product_cat?post=7006"},{"taxonomy":"product_tag","embeddable":true,"href":"https:\/\/stampcurio.com\/hu\/wp-json\/wp\/v2\/product_tag?post=7006"}],"curies":[{"name":"wp","href":"https:\/\/api.w.org\/{rel}","templated":true}]}}