{"id":7003,"date":"2023-11-22T18:10:06","date_gmt":"2023-11-22T17:10:06","guid":{"rendered":"http:\/\/stampcurio.com\/?post_type=product&#038;p=7003"},"modified":"2025-12-05T04:10:51","modified_gmt":"2025-12-05T03:10:51","slug":"1924-arato-600-800-pecsetelt-tevnyomat-nagyon-szep-minosegben","status":"publish","type":"product","link":"https:\/\/stampcurio.com\/hu\/termek\/1924-arato-600-800-pecsetelt-tevnyomat-nagyon-szep-minosegben\/","title":{"rendered":"1924 Arat\u00f3 600 \/ 800 pecs\u00e9telt t\u00e9vnyomat nagyon sz\u00e9p min\u0151s\u00e9gben"},"content":{"rendered":"","protected":false},"excerpt":{"rendered":"<p>Pecs\u00e9telten sokkal ritk\u00e1bb, mint postatiszt\u00e1n.<\/p>\n","protected":false},"featured_media":6882,"template":"","meta":[],"product_brand":[],"product_cat":[73],"product_tag":[1044,116,217],"class_list":{"0":"post-7003","1":"product","2":"type-product","3":"status-publish","4":"has-post-thumbnail","6":"product_cat-magyarorszag-1st","7":"product_tag-1st-auction-hu","8":"product_tag-belyeg","9":"product_tag-tevnyomat","10":"pa_catalog_id-753","12":"first","13":"instock","14":"sold-individually","15":"shipping-taxable","16":"product-type-simple"},"_links":{"self":[{"href":"https:\/\/stampcurio.com\/hu\/wp-json\/wp\/v2\/product\/7003","targetHints":{"allow":["GET"]}}],"collection":[{"href":"https:\/\/stampcurio.com\/hu\/wp-json\/wp\/v2\/product"}],"about":[{"href":"https:\/\/stampcurio.com\/hu\/wp-json\/wp\/v2\/types\/product"}],"wp:featuredmedia":[{"embeddable":true,"href":"https:\/\/stampcurio.com\/hu\/wp-json\/wp\/v2\/media\/6882"}],"wp:attachment":[{"href":"https:\/\/stampcurio.com\/hu\/wp-json\/wp\/v2\/media?parent=7003"}],"wp:term":[{"taxonomy":"product_brand","embeddable":true,"href":"https:\/\/stampcurio.com\/hu\/wp-json\/wp\/v2\/product_brand?post=7003"},{"taxonomy":"product_cat","embeddable":true,"href":"https:\/\/stampcurio.com\/hu\/wp-json\/wp\/v2\/product_cat?post=7003"},{"taxonomy":"product_tag","embeddable":true,"href":"https:\/\/stampcurio.com\/hu\/wp-json\/wp\/v2\/product_tag?post=7003"}],"curies":[{"name":"wp","href":"https:\/\/api.w.org\/{rel}","templated":true}]}}