{"id":7001,"date":"2023-11-22T18:04:02","date_gmt":"2023-11-22T17:04:02","guid":{"rendered":"http:\/\/stampcurio.com\/?post_type=product&#038;p=7001"},"modified":"2025-12-05T04:10:51","modified_gmt":"2025-12-05T03:10:51","slug":"1950-gyermek-tevnyomat-utanpotlasunk-a-jovo-harcaihoz-pecsetelt-tevnyomat-phu-150-000-ft","status":"publish","type":"product","link":"https:\/\/stampcurio.com\/hu\/termek\/1950-gyermek-tevnyomat-utanpotlasunk-a-jovo-harcaihoz-pecsetelt-tevnyomat-phu-150-000-ft\/","title":{"rendered":"1950 GYERMEK t\u00e9vnyomat UT\u00c1NP\u00d3TL\u00c1SUNK A J\u00d6V\u0150 HARCAIHOZ pecs\u00e9telt t\u00e9vnyomat PHu: 150.000 Ft"},"content":{"rendered":"","protected":false},"excerpt":{"rendered":"","protected":false},"featured_media":11913,"template":"","meta":[],"product_brand":[],"product_cat":[73],"product_tag":[1044,116,217],"class_list":{"0":"post-7001","1":"product","2":"type-product","3":"status-publish","4":"has-post-thumbnail","6":"product_cat-magyarorszag-1st","7":"product_tag-1st-auction-hu","8":"product_tag-belyeg","9":"product_tag-tevnyomat","10":"pa_catalog_id-752","12":"first","13":"instock","14":"sold-individually","15":"shipping-taxable","16":"product-type-simple"},"_links":{"self":[{"href":"https:\/\/stampcurio.com\/hu\/wp-json\/wp\/v2\/product\/7001","targetHints":{"allow":["GET"]}}],"collection":[{"href":"https:\/\/stampcurio.com\/hu\/wp-json\/wp\/v2\/product"}],"about":[{"href":"https:\/\/stampcurio.com\/hu\/wp-json\/wp\/v2\/types\/product"}],"wp:featuredmedia":[{"embeddable":true,"href":"https:\/\/stampcurio.com\/hu\/wp-json\/wp\/v2\/media\/11913"}],"wp:attachment":[{"href":"https:\/\/stampcurio.com\/hu\/wp-json\/wp\/v2\/media?parent=7001"}],"wp:term":[{"taxonomy":"product_brand","embeddable":true,"href":"https:\/\/stampcurio.com\/hu\/wp-json\/wp\/v2\/product_brand?post=7001"},{"taxonomy":"product_cat","embeddable":true,"href":"https:\/\/stampcurio.com\/hu\/wp-json\/wp\/v2\/product_cat?post=7001"},{"taxonomy":"product_tag","embeddable":true,"href":"https:\/\/stampcurio.com\/hu\/wp-json\/wp\/v2\/product_tag?post=7001"}],"curies":[{"name":"wp","href":"https:\/\/api.w.org\/{rel}","templated":true}]}}