{"id":6822,"date":"2023-11-22T00:46:19","date_gmt":"2023-11-21T23:46:19","guid":{"rendered":"http:\/\/stampcurio.com\/?post_type=product&#038;p=6822"},"modified":"2025-12-05T04:10:53","modified_gmt":"2025-12-05T03:10:53","slug":"1875-friedl-essze-sorozat-szep-minosegben-ritkan-lathato-nagy-szelekkel-attest-visnyovszky","status":"publish","type":"product","link":"https:\/\/stampcurio.com\/hu\/termek\/1875-friedl-essze-sorozat-szep-minosegben-ritkan-lathato-nagy-szelekkel-attest-visnyovszky\/","title":{"rendered":"~1875 FRIEDL essz\u00e9 sorozat, sz\u00e9p min\u0151s\u00e9gben, ritk\u00e1n l\u00e1that\u00f3 nagy sz\u00e9lekkel &#8211; attest Visnyovszky"},"content":{"rendered":"","protected":false},"excerpt":{"rendered":"","protected":false},"featured_media":6832,"template":"","meta":[],"product_brand":[],"product_cat":[60,73],"product_tag":[1044,116,714,176],"class_list":{"0":"post-6822","1":"product","2":"type-product","3":"status-publish","4":"has-post-thumbnail","6":"product_cat-ausztria-1st","7":"product_cat-magyarorszag-1st","8":"product_tag-1st-auction-hu","9":"product_tag-belyeg","10":"product_tag-essze","11":"product_tag-philagem","12":"pa_catalog_id-748","14":"first","15":"instock","16":"sold-individually","17":"shipping-taxable","18":"product-type-simple"},"_links":{"self":[{"href":"https:\/\/stampcurio.com\/hu\/wp-json\/wp\/v2\/product\/6822","targetHints":{"allow":["GET"]}}],"collection":[{"href":"https:\/\/stampcurio.com\/hu\/wp-json\/wp\/v2\/product"}],"about":[{"href":"https:\/\/stampcurio.com\/hu\/wp-json\/wp\/v2\/types\/product"}],"wp:featuredmedia":[{"embeddable":true,"href":"https:\/\/stampcurio.com\/hu\/wp-json\/wp\/v2\/media\/6832"}],"wp:attachment":[{"href":"https:\/\/stampcurio.com\/hu\/wp-json\/wp\/v2\/media?parent=6822"}],"wp:term":[{"taxonomy":"product_brand","embeddable":true,"href":"https:\/\/stampcurio.com\/hu\/wp-json\/wp\/v2\/product_brand?post=6822"},{"taxonomy":"product_cat","embeddable":true,"href":"https:\/\/stampcurio.com\/hu\/wp-json\/wp\/v2\/product_cat?post=6822"},{"taxonomy":"product_tag","embeddable":true,"href":"https:\/\/stampcurio.com\/hu\/wp-json\/wp\/v2\/product_tag?post=6822"}],"curies":[{"name":"wp","href":"https:\/\/api.w.org\/{rel}","templated":true}]}}