{"id":6800,"date":"2023-11-22T00:21:04","date_gmt":"2023-11-21T23:21:04","guid":{"rendered":"http:\/\/stampcurio.com\/?post_type=product&#038;p=6800"},"modified":"2025-12-05T04:10:54","modified_gmt":"2025-12-05T03:10:54","slug":"1919-debrecen-felulnyomas-helyi-ajanlott-boritek-forditott-es-elcsuszott-felulnyomasu-45f-2f-csak-45-tevnyomat-a-belyegen-a-filler-hianyzik","status":"publish","type":"product","link":"https:\/\/stampcurio.com\/hu\/termek\/1919-debrecen-felulnyomas-helyi-ajanlott-boritek-forditott-es-elcsuszott-felulnyomasu-45f-2f-csak-45-tevnyomat-a-belyegen-a-filler-hianyzik\/","title":{"rendered":"1919 Debrecen fel\u00fclnyom\u00e1s \u2013 helyi aj\u00e1nlott bor\u00edt\u00e9k, ford\u00edtott \u00e9s elcs\u00faszott fel\u00fclnyom\u00e1s\u00fa 45f\/2f + csak 45 t\u00e9vnyomat, a b\u00e9lyegen a fill\u00e9r hi\u00e1nyzik"},"content":{"rendered":"","protected":false},"excerpt":{"rendered":"<p>Attest Bodor.<\/p>\n","protected":false},"featured_media":6807,"template":"","meta":[],"product_brand":[],"product_cat":[73,105],"product_tag":[1044,116,233,89,217],"class_list":{"0":"post-6800","1":"product","2":"type-product","3":"status-publish","4":"has-post-thumbnail","6":"product_cat-magyarorszag-1st","7":"product_cat-romania-1st","8":"product_tag-1st-auction-hu","9":"product_tag-belyeg","10":"product_tag-cenzura","11":"product_tag-postatortenet","12":"product_tag-tevnyomat","13":"pa_catalog_id-746","15":"first","16":"instock","17":"sold-individually","18":"shipping-taxable","19":"product-type-simple"},"_links":{"self":[{"href":"https:\/\/stampcurio.com\/hu\/wp-json\/wp\/v2\/product\/6800","targetHints":{"allow":["GET"]}}],"collection":[{"href":"https:\/\/stampcurio.com\/hu\/wp-json\/wp\/v2\/product"}],"about":[{"href":"https:\/\/stampcurio.com\/hu\/wp-json\/wp\/v2\/types\/product"}],"wp:featuredmedia":[{"embeddable":true,"href":"https:\/\/stampcurio.com\/hu\/wp-json\/wp\/v2\/media\/6807"}],"wp:attachment":[{"href":"https:\/\/stampcurio.com\/hu\/wp-json\/wp\/v2\/media?parent=6800"}],"wp:term":[{"taxonomy":"product_brand","embeddable":true,"href":"https:\/\/stampcurio.com\/hu\/wp-json\/wp\/v2\/product_brand?post=6800"},{"taxonomy":"product_cat","embeddable":true,"href":"https:\/\/stampcurio.com\/hu\/wp-json\/wp\/v2\/product_cat?post=6800"},{"taxonomy":"product_tag","embeddable":true,"href":"https:\/\/stampcurio.com\/hu\/wp-json\/wp\/v2\/product_tag?post=6800"}],"curies":[{"name":"wp","href":"https:\/\/api.w.org\/{rel}","templated":true}]}}