{"id":6745,"date":"2023-11-21T23:53:08","date_gmt":"2023-11-21T22:53:08","guid":{"rendered":"http:\/\/stampcurio.com\/?post_type=product&#038;p=6745"},"modified":"2025-12-05T04:10:55","modified_gmt":"2025-12-05T03:10:55","slug":"1919-erdely-kolozsvari-felulnyomas-helyi-boritek-ani-szedesi-hibaval-a-felulnyomatban-a-kuldemenyen-ritkan-lathato-pirossszamu-30f-porto-belyeggel","status":"publish","type":"product","link":"https:\/\/stampcurio.com\/hu\/termek\/1919-erdely-kolozsvari-felulnyomas-helyi-boritek-ani-szedesi-hibaval-a-felulnyomatban-a-kuldemenyen-ritkan-lathato-pirossszamu-30f-porto-belyeggel\/","title":{"rendered":"1919 Erd\u00e9ly \u2013 Kolozsv\u00e1ri fel\u00fclnyom\u00e1s \u2013 helyi bor\u00edt\u00e9k, ANI szed\u00e9si hib\u00e1val a fel\u00fclnyomatban + a k\u00fcldem\u00e9nyen ritk\u00e1n l\u00e1that\u00f3 pirosssz\u00e1m\u00fa 30f port\u00f3 b\u00e9lyeggel"},"content":{"rendered":"","protected":false},"excerpt":{"rendered":"<p>Attest Bodor.<\/p>\n","protected":false},"featured_media":6759,"template":"","meta":[],"product_brand":[],"product_cat":[73,105],"product_tag":[1044,116,233,108,89,217],"class_list":{"0":"post-6745","1":"product","2":"type-product","3":"status-publish","4":"has-post-thumbnail","6":"product_cat-magyarorszag-1st","7":"product_cat-romania-1st","8":"product_tag-1st-auction-hu","9":"product_tag-belyeg","10":"product_tag-cenzura","11":"product_tag-porto","12":"product_tag-postatortenet","13":"product_tag-tevnyomat","14":"pa_catalog_id-742","16":"first","17":"instock","18":"sold-individually","19":"shipping-taxable","20":"product-type-simple"},"_links":{"self":[{"href":"https:\/\/stampcurio.com\/hu\/wp-json\/wp\/v2\/product\/6745","targetHints":{"allow":["GET"]}}],"collection":[{"href":"https:\/\/stampcurio.com\/hu\/wp-json\/wp\/v2\/product"}],"about":[{"href":"https:\/\/stampcurio.com\/hu\/wp-json\/wp\/v2\/types\/product"}],"wp:featuredmedia":[{"embeddable":true,"href":"https:\/\/stampcurio.com\/hu\/wp-json\/wp\/v2\/media\/6759"}],"wp:attachment":[{"href":"https:\/\/stampcurio.com\/hu\/wp-json\/wp\/v2\/media?parent=6745"}],"wp:term":[{"taxonomy":"product_brand","embeddable":true,"href":"https:\/\/stampcurio.com\/hu\/wp-json\/wp\/v2\/product_brand?post=6745"},{"taxonomy":"product_cat","embeddable":true,"href":"https:\/\/stampcurio.com\/hu\/wp-json\/wp\/v2\/product_cat?post=6745"},{"taxonomy":"product_tag","embeddable":true,"href":"https:\/\/stampcurio.com\/hu\/wp-json\/wp\/v2\/product_tag?post=6745"}],"curies":[{"name":"wp","href":"https:\/\/api.w.org\/{rel}","templated":true}]}}