{"id":6733,"date":"2023-11-21T23:48:04","date_gmt":"2023-11-21T22:48:04","guid":{"rendered":"http:\/\/stampcurio.com\/?post_type=product&#038;p=6733"},"modified":"2025-12-05T04:10:56","modified_gmt":"2025-12-05T03:10:56","slug":"1919-erdely-kolozsvari-felulnyomas-tavolsagi-ajanlott-boritek-a-kuldemenyen-ritkan-lathato-felulnyomott-arviz-belyegekkel","status":"publish","type":"product","link":"https:\/\/stampcurio.com\/hu\/termek\/1919-erdely-kolozsvari-felulnyomas-tavolsagi-ajanlott-boritek-a-kuldemenyen-ritkan-lathato-felulnyomott-arviz-belyegekkel\/","title":{"rendered":"1919 Erd\u00e9ly &#8211; Kolozsv\u00e1ri fel\u00fclnyom\u00e1s &#8211; t\u00e1vols\u00e1gi aj\u00e1nlott bor\u00edt\u00e9k, a k\u00fcldem\u00e9nyen ritk\u00e1n l\u00e1that\u00f3 fel\u00fclnyomott \u00c1rv\u00edz b\u00e9lyegekkel"},"content":{"rendered":"","protected":false},"excerpt":{"rendered":"<p>Attest Bodor.<\/p>\n","protected":false},"featured_media":11929,"template":"","meta":[],"product_brand":[],"product_cat":[73,105],"product_tag":[1044,116,233,89],"class_list":{"0":"post-6733","1":"product","2":"type-product","3":"status-publish","4":"has-post-thumbnail","6":"product_cat-magyarorszag-1st","7":"product_cat-romania-1st","8":"product_tag-1st-auction-hu","9":"product_tag-belyeg","10":"product_tag-cenzura","11":"product_tag-postatortenet","12":"pa_catalog_id-741","14":"first","15":"instock","16":"sold-individually","17":"shipping-taxable","18":"product-type-simple"},"_links":{"self":[{"href":"https:\/\/stampcurio.com\/hu\/wp-json\/wp\/v2\/product\/6733","targetHints":{"allow":["GET"]}}],"collection":[{"href":"https:\/\/stampcurio.com\/hu\/wp-json\/wp\/v2\/product"}],"about":[{"href":"https:\/\/stampcurio.com\/hu\/wp-json\/wp\/v2\/types\/product"}],"wp:featuredmedia":[{"embeddable":true,"href":"https:\/\/stampcurio.com\/hu\/wp-json\/wp\/v2\/media\/11929"}],"wp:attachment":[{"href":"https:\/\/stampcurio.com\/hu\/wp-json\/wp\/v2\/media?parent=6733"}],"wp:term":[{"taxonomy":"product_brand","embeddable":true,"href":"https:\/\/stampcurio.com\/hu\/wp-json\/wp\/v2\/product_brand?post=6733"},{"taxonomy":"product_cat","embeddable":true,"href":"https:\/\/stampcurio.com\/hu\/wp-json\/wp\/v2\/product_cat?post=6733"},{"taxonomy":"product_tag","embeddable":true,"href":"https:\/\/stampcurio.com\/hu\/wp-json\/wp\/v2\/product_tag?post=6733"}],"curies":[{"name":"wp","href":"https:\/\/api.w.org\/{rel}","templated":true}]}}