{"id":6704,"date":"2023-11-21T21:53:48","date_gmt":"2023-11-21T20:53:48","guid":{"rendered":"http:\/\/stampcurio.com\/?post_type=product&#038;p=6704"},"modified":"2025-12-05T04:10:57","modified_gmt":"2025-12-05T03:10:57","slug":"1922-fiume-magyarorszagra-kuldott-level-felulnyomott-fiumei-belyegekkel","status":"publish","type":"product","link":"https:\/\/stampcurio.com\/hu\/termek\/1922-fiume-magyarorszagra-kuldott-level-felulnyomott-fiumei-belyegekkel\/","title":{"rendered":"1922 Fiume &#8211; Magyarorsz\u00e1gra k\u00fcld\u00f6tt lev\u00e9l fel\u00fclnyomott Fiumei b\u00e9lyegekkel"},"content":{"rendered":"","protected":false},"excerpt":{"rendered":"","protected":false},"featured_media":6711,"template":"","meta":[],"product_brand":[],"product_cat":[78,73,86],"product_tag":[1044,116,89],"class_list":{"0":"post-6704","1":"product","2":"type-product","3":"status-publish","4":"has-post-thumbnail","6":"product_cat-horvatorszag-1st","7":"product_cat-magyarorszag-1st","8":"product_cat-olaszorszag-1st","9":"product_tag-1st-auction-hu","10":"product_tag-belyeg","11":"product_tag-postatortenet","12":"pa_catalog_id-739","14":"first","15":"instock","16":"sold-individually","17":"shipping-taxable","18":"product-type-simple"},"_links":{"self":[{"href":"https:\/\/stampcurio.com\/hu\/wp-json\/wp\/v2\/product\/6704","targetHints":{"allow":["GET"]}}],"collection":[{"href":"https:\/\/stampcurio.com\/hu\/wp-json\/wp\/v2\/product"}],"about":[{"href":"https:\/\/stampcurio.com\/hu\/wp-json\/wp\/v2\/types\/product"}],"wp:featuredmedia":[{"embeddable":true,"href":"https:\/\/stampcurio.com\/hu\/wp-json\/wp\/v2\/media\/6711"}],"wp:attachment":[{"href":"https:\/\/stampcurio.com\/hu\/wp-json\/wp\/v2\/media?parent=6704"}],"wp:term":[{"taxonomy":"product_brand","embeddable":true,"href":"https:\/\/stampcurio.com\/hu\/wp-json\/wp\/v2\/product_brand?post=6704"},{"taxonomy":"product_cat","embeddable":true,"href":"https:\/\/stampcurio.com\/hu\/wp-json\/wp\/v2\/product_cat?post=6704"},{"taxonomy":"product_tag","embeddable":true,"href":"https:\/\/stampcurio.com\/hu\/wp-json\/wp\/v2\/product_tag?post=6704"}],"curies":[{"name":"wp","href":"https:\/\/api.w.org\/{rel}","templated":true}]}}