{"id":6703,"date":"2023-11-21T21:49:53","date_gmt":"2023-11-21T20:49:53","guid":{"rendered":"http:\/\/stampcurio.com\/?post_type=product&#038;p=6703"},"modified":"2025-12-05T04:10:57","modified_gmt":"2025-12-05T03:10:57","slug":"1919-debreceni-felulnyomas-helyi-level-a-2f-paron-elcsuszott-felulnyomas-a-jobb-oldali-belyegen-felulnyomat-hianyzik","status":"publish","type":"product","link":"https:\/\/stampcurio.com\/hu\/termek\/1919-debreceni-felulnyomas-helyi-level-a-2f-paron-elcsuszott-felulnyomas-a-jobb-oldali-belyegen-felulnyomat-hianyzik\/","title":{"rendered":"1919 Debreceni fel\u00fclnyom\u00e1s &#8211; helyi lev\u00e9l &#8211; a 2f p\u00e1ron elcs\u00faszott fel\u00fclnyom\u00e1s a jobb oldali b\u00e9lyegen fel\u00fclnyomat hi\u00e1nyzik"},"content":{"rendered":"","protected":false},"excerpt":{"rendered":"<p>Attest Bodor.<\/p>\n","protected":false},"featured_media":6680,"template":"","meta":[],"product_brand":[],"product_cat":[73,105],"product_tag":[1044,116,233,89,217],"class_list":{"0":"post-6703","1":"product","2":"type-product","3":"status-publish","4":"has-post-thumbnail","6":"product_cat-magyarorszag-1st","7":"product_cat-romania-1st","8":"product_tag-1st-auction-hu","9":"product_tag-belyeg","10":"product_tag-cenzura","11":"product_tag-postatortenet","12":"product_tag-tevnyomat","13":"pa_catalog_id-738","15":"first","16":"instock","17":"sold-individually","18":"shipping-taxable","19":"product-type-simple"},"_links":{"self":[{"href":"https:\/\/stampcurio.com\/hu\/wp-json\/wp\/v2\/product\/6703","targetHints":{"allow":["GET"]}}],"collection":[{"href":"https:\/\/stampcurio.com\/hu\/wp-json\/wp\/v2\/product"}],"about":[{"href":"https:\/\/stampcurio.com\/hu\/wp-json\/wp\/v2\/types\/product"}],"wp:featuredmedia":[{"embeddable":true,"href":"https:\/\/stampcurio.com\/hu\/wp-json\/wp\/v2\/media\/6680"}],"wp:attachment":[{"href":"https:\/\/stampcurio.com\/hu\/wp-json\/wp\/v2\/media?parent=6703"}],"wp:term":[{"taxonomy":"product_brand","embeddable":true,"href":"https:\/\/stampcurio.com\/hu\/wp-json\/wp\/v2\/product_brand?post=6703"},{"taxonomy":"product_cat","embeddable":true,"href":"https:\/\/stampcurio.com\/hu\/wp-json\/wp\/v2\/product_cat?post=6703"},{"taxonomy":"product_tag","embeddable":true,"href":"https:\/\/stampcurio.com\/hu\/wp-json\/wp\/v2\/product_tag?post=6703"}],"curies":[{"name":"wp","href":"https:\/\/api.w.org\/{rel}","templated":true}]}}