{"id":6701,"date":"2023-11-21T21:32:43","date_gmt":"2023-11-21T20:32:43","guid":{"rendered":"http:\/\/stampcurio.com\/?post_type=product&#038;p=6701"},"modified":"2025-12-05T04:10:57","modified_gmt":"2025-12-05T03:10:57","slug":"1919-erdely-kolozsvari-felulnyomas-ajanlott-tavolsagi-level-felulnyomott-belyegekkel-cenzuraval","status":"publish","type":"product","link":"https:\/\/stampcurio.com\/hu\/termek\/1919-erdely-kolozsvari-felulnyomas-ajanlott-tavolsagi-level-felulnyomott-belyegekkel-cenzuraval\/","title":{"rendered":"1919 Erd\u00e9ly &#8211; Kolozsv\u00e1ri fel\u00fclnyom\u00e1s &#8211; aj\u00e1nlott t\u00e1vols\u00e1gi lev\u00e9l fel\u00fclnyomott b\u00e9lyegekkel + cenz\u00far\u00e1val"},"content":{"rendered":"","protected":false},"excerpt":{"rendered":"<p>Attest Bodor.<\/p>\n","protected":false},"featured_media":11859,"template":"","meta":[],"product_brand":[],"product_cat":[73,105],"product_tag":[1044,116,233,1008,89],"class_list":{"0":"post-6701","1":"product","2":"type-product","3":"status-publish","4":"has-post-thumbnail","6":"product_cat-magyarorszag-1st","7":"product_cat-romania-1st","8":"product_tag-1st-auction-hu","9":"product_tag-belyeg","10":"product_tag-cenzura","11":"product_tag-ebay","12":"product_tag-postatortenet","13":"pa_catalog_id-737","15":"first","16":"instock","17":"sold-individually","18":"shipping-taxable","19":"product-type-simple"},"_links":{"self":[{"href":"https:\/\/stampcurio.com\/hu\/wp-json\/wp\/v2\/product\/6701","targetHints":{"allow":["GET"]}}],"collection":[{"href":"https:\/\/stampcurio.com\/hu\/wp-json\/wp\/v2\/product"}],"about":[{"href":"https:\/\/stampcurio.com\/hu\/wp-json\/wp\/v2\/types\/product"}],"wp:featuredmedia":[{"embeddable":true,"href":"https:\/\/stampcurio.com\/hu\/wp-json\/wp\/v2\/media\/11859"}],"wp:attachment":[{"href":"https:\/\/stampcurio.com\/hu\/wp-json\/wp\/v2\/media?parent=6701"}],"wp:term":[{"taxonomy":"product_brand","embeddable":true,"href":"https:\/\/stampcurio.com\/hu\/wp-json\/wp\/v2\/product_brand?post=6701"},{"taxonomy":"product_cat","embeddable":true,"href":"https:\/\/stampcurio.com\/hu\/wp-json\/wp\/v2\/product_cat?post=6701"},{"taxonomy":"product_tag","embeddable":true,"href":"https:\/\/stampcurio.com\/hu\/wp-json\/wp\/v2\/product_tag?post=6701"}],"curies":[{"name":"wp","href":"https:\/\/api.w.org\/{rel}","templated":true}]}}