{"id":6697,"date":"2023-11-21T21:22:45","date_gmt":"2023-11-21T20:22:45","guid":{"rendered":"http:\/\/stampcurio.com\/?post_type=product&#038;p=6697"},"modified":"2025-12-05T04:10:58","modified_gmt":"2025-12-05T03:10:58","slug":"1919-erdely-kolozsvari-felulnyomas-tarifahelyes-helyi-dijjegyes-boritek-felulnyomott-zita-40-bani-belyeggel-kiegeszitve","status":"publish","type":"product","link":"https:\/\/stampcurio.com\/hu\/termek\/1919-erdely-kolozsvari-felulnyomas-tarifahelyes-helyi-dijjegyes-boritek-felulnyomott-zita-40-bani-belyeggel-kiegeszitve\/","title":{"rendered":"1919 Erd\u00e9ly &#8211; Kolozsv\u00e1ri fel\u00fclnyom\u00e1s &#8211; tarifahelyes helyi d\u00edjjegyes bor\u00edt\u00e9k fel\u00fclnyomott Zita 40 BANI b\u00e9lyeggel kieg\u00e9sz\u00edtve"},"content":{"rendered":"","protected":false},"excerpt":{"rendered":"<p>Attest Bodor.<\/p>\n","protected":false},"featured_media":11866,"template":"","meta":[],"product_brand":[],"product_cat":[73,105],"product_tag":[1044,116,74,1008,89],"class_list":{"0":"post-6697","1":"product","2":"type-product","3":"status-publish","4":"has-post-thumbnail","6":"product_cat-magyarorszag-1st","7":"product_cat-romania-1st","8":"product_tag-1st-auction-hu","9":"product_tag-belyeg","10":"product_tag-dijjegyes","11":"product_tag-ebay","12":"product_tag-postatortenet","13":"pa_catalog_id-735","15":"first","16":"instock","17":"sold-individually","18":"shipping-taxable","19":"product-type-simple"},"_links":{"self":[{"href":"https:\/\/stampcurio.com\/hu\/wp-json\/wp\/v2\/product\/6697","targetHints":{"allow":["GET"]}}],"collection":[{"href":"https:\/\/stampcurio.com\/hu\/wp-json\/wp\/v2\/product"}],"about":[{"href":"https:\/\/stampcurio.com\/hu\/wp-json\/wp\/v2\/types\/product"}],"wp:featuredmedia":[{"embeddable":true,"href":"https:\/\/stampcurio.com\/hu\/wp-json\/wp\/v2\/media\/11866"}],"wp:attachment":[{"href":"https:\/\/stampcurio.com\/hu\/wp-json\/wp\/v2\/media?parent=6697"}],"wp:term":[{"taxonomy":"product_brand","embeddable":true,"href":"https:\/\/stampcurio.com\/hu\/wp-json\/wp\/v2\/product_brand?post=6697"},{"taxonomy":"product_cat","embeddable":true,"href":"https:\/\/stampcurio.com\/hu\/wp-json\/wp\/v2\/product_cat?post=6697"},{"taxonomy":"product_tag","embeddable":true,"href":"https:\/\/stampcurio.com\/hu\/wp-json\/wp\/v2\/product_tag?post=6697"}],"curies":[{"name":"wp","href":"https:\/\/api.w.org\/{rel}","templated":true}]}}