{"id":6688,"date":"2023-11-21T21:09:55","date_gmt":"2023-11-21T20:09:55","guid":{"rendered":"http:\/\/stampcurio.com\/?post_type=product&#038;p=6688"},"modified":"2025-12-05T04:10:59","modified_gmt":"2025-12-05T03:10:59","slug":"1919-erdely-kolozsvari-felulnyomas-helyi-ajanlott-boritek-a-postatakarekpenztari-belyegen-elcsuszott-felulnyomattal","status":"publish","type":"product","link":"https:\/\/stampcurio.com\/hu\/termek\/1919-erdely-kolozsvari-felulnyomas-helyi-ajanlott-boritek-a-postatakarekpenztari-belyegen-elcsuszott-felulnyomattal\/","title":{"rendered":"1919 Erd\u00e9ly &#8211; Kolozsv\u00e1ri fel\u00fclnyom\u00e1s &#8211; helyi aj\u00e1nlott bor\u00edt\u00e9k a postatakar\u00e9kp\u00e9nzt\u00e1ri b\u00e9lyegen elcs\u00faszott fel\u00fclnyomattal"},"content":{"rendered":"","protected":false},"excerpt":{"rendered":"<p>Attest Bodor.<\/p>\n","protected":false},"featured_media":11869,"template":"","meta":[],"product_brand":[],"product_cat":[73,105],"product_tag":[1044,116,233,89,217],"class_list":{"0":"post-6688","1":"product","2":"type-product","3":"status-publish","4":"has-post-thumbnail","6":"product_cat-magyarorszag-1st","7":"product_cat-romania-1st","8":"product_tag-1st-auction-hu","9":"product_tag-belyeg","10":"product_tag-cenzura","11":"product_tag-postatortenet","12":"product_tag-tevnyomat","13":"pa_catalog_id-733","15":"first","16":"instock","17":"sold-individually","18":"shipping-taxable","19":"product-type-simple"},"_links":{"self":[{"href":"https:\/\/stampcurio.com\/hu\/wp-json\/wp\/v2\/product\/6688","targetHints":{"allow":["GET"]}}],"collection":[{"href":"https:\/\/stampcurio.com\/hu\/wp-json\/wp\/v2\/product"}],"about":[{"href":"https:\/\/stampcurio.com\/hu\/wp-json\/wp\/v2\/types\/product"}],"wp:featuredmedia":[{"embeddable":true,"href":"https:\/\/stampcurio.com\/hu\/wp-json\/wp\/v2\/media\/11869"}],"wp:attachment":[{"href":"https:\/\/stampcurio.com\/hu\/wp-json\/wp\/v2\/media?parent=6688"}],"wp:term":[{"taxonomy":"product_brand","embeddable":true,"href":"https:\/\/stampcurio.com\/hu\/wp-json\/wp\/v2\/product_brand?post=6688"},{"taxonomy":"product_cat","embeddable":true,"href":"https:\/\/stampcurio.com\/hu\/wp-json\/wp\/v2\/product_cat?post=6688"},{"taxonomy":"product_tag","embeddable":true,"href":"https:\/\/stampcurio.com\/hu\/wp-json\/wp\/v2\/product_tag?post=6688"}],"curies":[{"name":"wp","href":"https:\/\/api.w.org\/{rel}","templated":true}]}}