{"id":6617,"date":"2023-11-21T21:00:42","date_gmt":"2023-11-21T20:00:42","guid":{"rendered":"http:\/\/stampcurio.com\/?post_type=product&#038;p=6617"},"modified":"2025-12-05T04:11:00","modified_gmt":"2025-12-05T03:11:00","slug":"1919-erdely-kolozsvari-felulnyomas-felulnyomott-zart-levelezolap-felulnyomott-magyar-es-roman-belyeggel-kiegeszitve","status":"publish","type":"product","link":"https:\/\/stampcurio.com\/hu\/termek\/1919-erdely-kolozsvari-felulnyomas-felulnyomott-zart-levelezolap-felulnyomott-magyar-es-roman-belyeggel-kiegeszitve\/","title":{"rendered":"1919 Erd\u00e9ly &#8211; Kolozsv\u00e1ri fel\u00fclnyom\u00e1s &#8211; fel\u00fclnyomott z\u00e1rt levelez\u0151lap fel\u00fclnyomott magyar \u00e9s rom\u00e1n b\u00e9lyeggel kieg\u00e9sz\u00edtve"},"content":{"rendered":"","protected":false},"excerpt":{"rendered":"<p>Attest Bodor.<\/p>\n","protected":false},"featured_media":11872,"template":"","meta":[],"product_brand":[],"product_cat":[73,105],"product_tag":[1044,116,74,172],"class_list":{"0":"post-6617","1":"product","2":"type-product","3":"status-publish","4":"has-post-thumbnail","6":"product_cat-magyarorszag-1st","7":"product_cat-romania-1st","8":"product_tag-1st-auction-hu","9":"product_tag-belyeg","10":"product_tag-dijjegyes","11":"product_tag-vegyes-bermentesites","12":"pa_catalog_id-731","14":"first","15":"instock","16":"sold-individually","17":"shipping-taxable","18":"product-type-simple"},"_links":{"self":[{"href":"https:\/\/stampcurio.com\/hu\/wp-json\/wp\/v2\/product\/6617","targetHints":{"allow":["GET"]}}],"collection":[{"href":"https:\/\/stampcurio.com\/hu\/wp-json\/wp\/v2\/product"}],"about":[{"href":"https:\/\/stampcurio.com\/hu\/wp-json\/wp\/v2\/types\/product"}],"wp:featuredmedia":[{"embeddable":true,"href":"https:\/\/stampcurio.com\/hu\/wp-json\/wp\/v2\/media\/11872"}],"wp:attachment":[{"href":"https:\/\/stampcurio.com\/hu\/wp-json\/wp\/v2\/media?parent=6617"}],"wp:term":[{"taxonomy":"product_brand","embeddable":true,"href":"https:\/\/stampcurio.com\/hu\/wp-json\/wp\/v2\/product_brand?post=6617"},{"taxonomy":"product_cat","embeddable":true,"href":"https:\/\/stampcurio.com\/hu\/wp-json\/wp\/v2\/product_cat?post=6617"},{"taxonomy":"product_tag","embeddable":true,"href":"https:\/\/stampcurio.com\/hu\/wp-json\/wp\/v2\/product_tag?post=6617"}],"curies":[{"name":"wp","href":"https:\/\/api.w.org\/{rel}","templated":true}]}}