{"id":6614,"date":"2023-11-21T20:13:26","date_gmt":"2023-11-21T19:13:26","guid":{"rendered":"http:\/\/stampcurio.com\/?post_type=product&#038;p=6614"},"modified":"2025-12-05T04:11:00","modified_gmt":"2025-12-05T03:11:00","slug":"1919-rendkivuli-tengerentuli-tavirat-a-tanacskoztarsasag-idejebol-s6-perfin-1935k-bermentesites-rendkivuli-darab","status":"publish","type":"product","link":"https:\/\/stampcurio.com\/hu\/termek\/1919-rendkivuli-tengerentuli-tavirat-a-tanacskoztarsasag-idejebol-s6-perfin-1935k-bermentesites-rendkivuli-darab\/","title":{"rendered":"1919 rendk\u00edv\u00fcli tengerent\u00fali t\u00e1virat a Tan\u00e1csk\u00f6zt\u00e1rsas\u00e1g idej\u00e9b\u0151l &#8211; S6 perfin! 193,5K b\u00e9rmentes\u00edt\u00e9s!! Rendk\u00edv\u00fcli darab!"},"content":{"rendered":"","protected":false},"excerpt":{"rendered":"<p>1920 el\u0151ttr\u0151l a legnagyobb ismert b\u00e9rmentes\u00edt\u00e9s! Magyar Posta 10 Koron\u00e1s b\u00e9lyeg t\u00edz darabos felhaszn\u00e1l\u00e1ssal! Rendk\u00edv\u00fcli darab!<br \/>\nAz el\u0151oldali b\u00e9lyegekkel a d\u00edjjegyet eg\u00e9sz\u00edtett\u00e9k ki 10 fill\u00e9rre, tekintettel arra hogy akkor m\u00e1r az \u0171rlap \u00e1ra 10 fill\u00e9r volt.<\/p>\n","protected":false},"featured_media":11876,"template":"","meta":[],"product_brand":[],"product_cat":[73],"product_tag":[1044,116,233,230,176,89,209],"class_list":{"0":"post-6614","1":"product","2":"type-product","3":"status-publish","4":"has-post-thumbnail","6":"product_cat-magyarorszag-1st","7":"product_tag-1st-auction-hu","8":"product_tag-belyeg","9":"product_tag-cenzura","10":"product_tag-perfin","11":"product_tag-philagem","12":"product_tag-postatortenet","13":"product_tag-tavirat","14":"pa_catalog_id-730","16":"first","17":"instock","18":"sold-individually","19":"shipping-taxable","20":"product-type-simple"},"_links":{"self":[{"href":"https:\/\/stampcurio.com\/hu\/wp-json\/wp\/v2\/product\/6614","targetHints":{"allow":["GET"]}}],"collection":[{"href":"https:\/\/stampcurio.com\/hu\/wp-json\/wp\/v2\/product"}],"about":[{"href":"https:\/\/stampcurio.com\/hu\/wp-json\/wp\/v2\/types\/product"}],"wp:featuredmedia":[{"embeddable":true,"href":"https:\/\/stampcurio.com\/hu\/wp-json\/wp\/v2\/media\/11876"}],"wp:attachment":[{"href":"https:\/\/stampcurio.com\/hu\/wp-json\/wp\/v2\/media?parent=6614"}],"wp:term":[{"taxonomy":"product_brand","embeddable":true,"href":"https:\/\/stampcurio.com\/hu\/wp-json\/wp\/v2\/product_brand?post=6614"},{"taxonomy":"product_cat","embeddable":true,"href":"https:\/\/stampcurio.com\/hu\/wp-json\/wp\/v2\/product_cat?post=6614"},{"taxonomy":"product_tag","embeddable":true,"href":"https:\/\/stampcurio.com\/hu\/wp-json\/wp\/v2\/product_tag?post=6614"}],"curies":[{"name":"wp","href":"https:\/\/api.w.org\/{rel}","templated":true}]}}