{"id":6613,"date":"2023-11-21T20:06:07","date_gmt":"2023-11-21T19:06:07","guid":{"rendered":"http:\/\/stampcurio.com\/?post_type=product&#038;p=6613"},"modified":"2025-12-05T04:11:01","modified_gmt":"2025-12-05T03:11:01","slug":"1869-konzulatusi-posta-romaniaban-ceges-herdan-schonfeld-boritek-10-sld-belyeggel-bucarest-feladassal-ausztriaba-kuldve","status":"publish","type":"product","link":"https:\/\/stampcurio.com\/hu\/termek\/1869-konzulatusi-posta-romaniaban-ceges-herdan-schonfeld-boritek-10-sld-belyeggel-bucarest-feladassal-ausztriaba-kuldve\/","title":{"rendered":"1869 konzul\u00e1tusi posta Rom\u00e1ni\u00e1ban &#8211; c\u00e9ges (Herdan &#038; Sch\u00f6nfeld) bor\u00edt\u00e9k 10 sld b\u00e9lyeggel BUCAREST felad\u00e1ssal, Ausztri\u00e1ba k\u00fcldve"},"content":{"rendered":"","protected":false},"excerpt":{"rendered":"","protected":false},"featured_media":11879,"template":"","meta":[],"product_brand":[],"product_cat":[60,73,105],"product_tag":[1044,116,127,67,89],"class_list":{"0":"post-6613","1":"product","2":"type-product","3":"status-publish","4":"has-post-thumbnail","6":"product_cat-ausztria-1st","7":"product_cat-magyarorszag-1st","8":"product_cat-romania-1st","9":"product_tag-1st-auction-hu","10":"product_tag-belyeg","11":"product_tag-konzulatusi-posta","12":"product_tag-marcofilatelia","13":"product_tag-postatortenet","14":"pa_catalog_id-729","16":"first","17":"instock","18":"sold-individually","19":"shipping-taxable","20":"product-type-simple"},"_links":{"self":[{"href":"https:\/\/stampcurio.com\/hu\/wp-json\/wp\/v2\/product\/6613","targetHints":{"allow":["GET"]}}],"collection":[{"href":"https:\/\/stampcurio.com\/hu\/wp-json\/wp\/v2\/product"}],"about":[{"href":"https:\/\/stampcurio.com\/hu\/wp-json\/wp\/v2\/types\/product"}],"wp:featuredmedia":[{"embeddable":true,"href":"https:\/\/stampcurio.com\/hu\/wp-json\/wp\/v2\/media\/11879"}],"wp:attachment":[{"href":"https:\/\/stampcurio.com\/hu\/wp-json\/wp\/v2\/media?parent=6613"}],"wp:term":[{"taxonomy":"product_brand","embeddable":true,"href":"https:\/\/stampcurio.com\/hu\/wp-json\/wp\/v2\/product_brand?post=6613"},{"taxonomy":"product_cat","embeddable":true,"href":"https:\/\/stampcurio.com\/hu\/wp-json\/wp\/v2\/product_cat?post=6613"},{"taxonomy":"product_tag","embeddable":true,"href":"https:\/\/stampcurio.com\/hu\/wp-json\/wp\/v2\/product_tag?post=6613"}],"curies":[{"name":"wp","href":"https:\/\/api.w.org\/{rel}","templated":true}]}}