{"id":6602,"date":"2023-11-21T20:01:22","date_gmt":"2023-11-21T19:01:22","guid":{"rendered":"http:\/\/stampcurio.com\/?post_type=product&#038;p=6602"},"modified":"2025-12-05T04:11:01","modified_gmt":"2025-12-05T03:11:01","slug":"1868-konzulatusi-posta-romaniaban-meseszep-galatz-lebelyegzes-ausztriaba-kuldott-boritekon","status":"publish","type":"product","link":"https:\/\/stampcurio.com\/hu\/termek\/1868-konzulatusi-posta-romaniaban-meseszep-galatz-lebelyegzes-ausztriaba-kuldott-boritekon\/","title":{"rendered":"1868 konzul\u00e1tusi posta Rom\u00e1ni\u00e1ban &#8211; mesesz\u00e9p GALATZ leb\u00e9lyegz\u00e9s Ausztri\u00e1ba k\u00fcld\u00f6tt bor\u00edt\u00e9kon"},"content":{"rendered":"","protected":false},"excerpt":{"rendered":"<p>A bor\u00edt\u00e9k tetej\u00e9n sajnos gy\u0171jt\u0151i \u00edr\u00f3g\u00e9pelt sz\u00f6veg, de m\u00e9g \u00edgy is nagyon sz\u00e9p darab!<\/p>\n","protected":false},"featured_media":11882,"template":"","meta":[],"product_brand":[],"product_cat":[60,73,105],"product_tag":[1044,116,127,67,89],"class_list":{"0":"post-6602","1":"product","2":"type-product","3":"status-publish","4":"has-post-thumbnail","6":"product_cat-ausztria-1st","7":"product_cat-magyarorszag-1st","8":"product_cat-romania-1st","9":"product_tag-1st-auction-hu","10":"product_tag-belyeg","11":"product_tag-konzulatusi-posta","12":"product_tag-marcofilatelia","13":"product_tag-postatortenet","14":"pa_catalog_id-728","16":"first","17":"instock","18":"sold-individually","19":"shipping-taxable","20":"product-type-simple"},"_links":{"self":[{"href":"https:\/\/stampcurio.com\/hu\/wp-json\/wp\/v2\/product\/6602","targetHints":{"allow":["GET"]}}],"collection":[{"href":"https:\/\/stampcurio.com\/hu\/wp-json\/wp\/v2\/product"}],"about":[{"href":"https:\/\/stampcurio.com\/hu\/wp-json\/wp\/v2\/types\/product"}],"wp:featuredmedia":[{"embeddable":true,"href":"https:\/\/stampcurio.com\/hu\/wp-json\/wp\/v2\/media\/11882"}],"wp:attachment":[{"href":"https:\/\/stampcurio.com\/hu\/wp-json\/wp\/v2\/media?parent=6602"}],"wp:term":[{"taxonomy":"product_brand","embeddable":true,"href":"https:\/\/stampcurio.com\/hu\/wp-json\/wp\/v2\/product_brand?post=6602"},{"taxonomy":"product_cat","embeddable":true,"href":"https:\/\/stampcurio.com\/hu\/wp-json\/wp\/v2\/product_cat?post=6602"},{"taxonomy":"product_tag","embeddable":true,"href":"https:\/\/stampcurio.com\/hu\/wp-json\/wp\/v2\/product_tag?post=6602"}],"curies":[{"name":"wp","href":"https:\/\/api.w.org\/{rel}","templated":true}]}}