{"id":6599,"date":"2023-11-21T19:54:35","date_gmt":"2023-11-21T18:54:35","guid":{"rendered":"http:\/\/stampcurio.com\/?post_type=product&#038;p=6599"},"modified":"2025-12-05T04:11:02","modified_gmt":"2025-12-05T03:11:02","slug":"1868-konzulatusi-posta-romaniaban-viseletes-de-ritka-giurgevo-feladasu-level-brassoba-kuldve","status":"publish","type":"product","link":"https:\/\/stampcurio.com\/hu\/termek\/1868-konzulatusi-posta-romaniaban-viseletes-de-ritka-giurgevo-feladasu-level-brassoba-kuldve\/","title":{"rendered":"1868 konzul\u00e1tusi posta Rom\u00e1ni\u00e1ban &#8211; viseletes, de ritka GIURGEVO felad\u00e1s\u00fa lev\u00e9l Brass\u00f3ba k\u00fcldve"},"content":{"rendered":"","protected":false},"excerpt":{"rendered":"<p>A b\u00e9lyeg fels\u0151 r\u00e9sz\u00e9n szakad\u00e1s.<\/p>\n","protected":false},"featured_media":11885,"template":"","meta":[],"product_brand":[],"product_cat":[60,73,105],"product_tag":[1044,127,67,89],"class_list":{"0":"post-6599","1":"product","2":"type-product","3":"status-publish","4":"has-post-thumbnail","6":"product_cat-ausztria-1st","7":"product_cat-magyarorszag-1st","8":"product_cat-romania-1st","9":"product_tag-1st-auction-hu","10":"product_tag-konzulatusi-posta","11":"product_tag-marcofilatelia","12":"product_tag-postatortenet","13":"pa_catalog_id-726","15":"first","16":"instock","17":"sold-individually","18":"shipping-taxable","19":"product-type-simple"},"_links":{"self":[{"href":"https:\/\/stampcurio.com\/hu\/wp-json\/wp\/v2\/product\/6599","targetHints":{"allow":["GET"]}}],"collection":[{"href":"https:\/\/stampcurio.com\/hu\/wp-json\/wp\/v2\/product"}],"about":[{"href":"https:\/\/stampcurio.com\/hu\/wp-json\/wp\/v2\/types\/product"}],"wp:featuredmedia":[{"embeddable":true,"href":"https:\/\/stampcurio.com\/hu\/wp-json\/wp\/v2\/media\/11885"}],"wp:attachment":[{"href":"https:\/\/stampcurio.com\/hu\/wp-json\/wp\/v2\/media?parent=6599"}],"wp:term":[{"taxonomy":"product_brand","embeddable":true,"href":"https:\/\/stampcurio.com\/hu\/wp-json\/wp\/v2\/product_brand?post=6599"},{"taxonomy":"product_cat","embeddable":true,"href":"https:\/\/stampcurio.com\/hu\/wp-json\/wp\/v2\/product_cat?post=6599"},{"taxonomy":"product_tag","embeddable":true,"href":"https:\/\/stampcurio.com\/hu\/wp-json\/wp\/v2\/product_tag?post=6599"}],"curies":[{"name":"wp","href":"https:\/\/api.w.org\/{rel}","templated":true}]}}