{"id":6595,"date":"2023-11-21T19:39:05","date_gmt":"2023-11-21T18:39:05","guid":{"rendered":"http:\/\/stampcurio.com\/?post_type=product&#038;p=6595"},"modified":"2025-12-05T04:11:03","modified_gmt":"2025-12-05T03:11:03","slug":"1867-junius-konzulatusi-posta-romaniaban-a-magyar-idoszakban-ritkan-lathato-provizorikus-1864-evi-soldi-felhasznalas-ausztriaba-kuldott-boritekon","status":"publish","type":"product","link":"https:\/\/stampcurio.com\/hu\/termek\/1867-junius-konzulatusi-posta-romaniaban-a-magyar-idoszakban-ritkan-lathato-provizorikus-1864-evi-soldi-felhasznalas-ausztriaba-kuldott-boritekon\/","title":{"rendered":"1867 j\u00fanius (!) konzul\u00e1tusi posta Rom\u00e1ni\u00e1ban &#8211; a magyar id\u0151szakban ritk\u00e1n l\u00e1that\u00f3 proviz\u00f3rikus 1864. \u00e9vi soldi felhaszn\u00e1l\u00e1s Ausztri\u00e1ba k\u00fcld\u00f6tt bor\u00edt\u00e9kon"},"content":{"rendered":"","protected":false},"excerpt":{"rendered":"<p>Az 1864-s soldi b\u00e9lyeg proviz\u00f3rikus felhaszn\u00e1l\u00e1sa a magyar konzul\u00e1tusi postahivatalban!<\/p>\n","protected":false},"featured_media":11891,"template":"","meta":[],"product_brand":[],"product_cat":[60,73,105],"product_tag":[1044,116,127,67,89,256],"class_list":{"0":"post-6595","1":"product","2":"type-product","3":"status-publish","4":"has-post-thumbnail","6":"product_cat-ausztria-1st","7":"product_cat-magyarorszag-1st","8":"product_cat-romania-1st","9":"product_tag-1st-auction-hu","10":"product_tag-belyeg","11":"product_tag-konzulatusi-posta","12":"product_tag-marcofilatelia","13":"product_tag-postatortenet","14":"product_tag-provizorium","15":"pa_catalog_id-725","17":"first","18":"instock","19":"sold-individually","20":"shipping-taxable","21":"product-type-simple"},"_links":{"self":[{"href":"https:\/\/stampcurio.com\/hu\/wp-json\/wp\/v2\/product\/6595","targetHints":{"allow":["GET"]}}],"collection":[{"href":"https:\/\/stampcurio.com\/hu\/wp-json\/wp\/v2\/product"}],"about":[{"href":"https:\/\/stampcurio.com\/hu\/wp-json\/wp\/v2\/types\/product"}],"wp:featuredmedia":[{"embeddable":true,"href":"https:\/\/stampcurio.com\/hu\/wp-json\/wp\/v2\/media\/11891"}],"wp:attachment":[{"href":"https:\/\/stampcurio.com\/hu\/wp-json\/wp\/v2\/media?parent=6595"}],"wp:term":[{"taxonomy":"product_brand","embeddable":true,"href":"https:\/\/stampcurio.com\/hu\/wp-json\/wp\/v2\/product_brand?post=6595"},{"taxonomy":"product_cat","embeddable":true,"href":"https:\/\/stampcurio.com\/hu\/wp-json\/wp\/v2\/product_cat?post=6595"},{"taxonomy":"product_tag","embeddable":true,"href":"https:\/\/stampcurio.com\/hu\/wp-json\/wp\/v2\/product_tag?post=6595"}],"curies":[{"name":"wp","href":"https:\/\/api.w.org\/{rel}","templated":true}]}}