{"id":6592,"date":"2023-11-21T19:33:00","date_gmt":"2023-11-21T18:33:00","guid":{"rendered":"http:\/\/stampcurio.com\/?post_type=product&#038;p=6592"},"modified":"2025-12-05T04:11:03","modified_gmt":"2025-12-05T03:11:03","slug":"1867-majus-konzulatusi-posta-romaniaban-rendivul-ritka-fekete-jbraila-belyegzessel-ausztriaba-kuldve","status":"publish","type":"product","link":"https:\/\/stampcurio.com\/hu\/termek\/1867-majus-konzulatusi-posta-romaniaban-rendivul-ritka-fekete-jbraila-belyegzessel-ausztriaba-kuldve\/","title":{"rendered":"1867 m\u00e1jus (!) konzul\u00e1tusi posta Rom\u00e1ni\u00e1ban &#8211; rend\u00edv\u00fcl ritka fekete JBRAILA b\u00e9lyegz\u00e9ssel Ausztri\u00e1ba k\u00fcldve"},"content":{"rendered":"","protected":false},"excerpt":{"rendered":"<p>Gudlin csak piros b\u00e9lyegz\u0151vel ismeri (ritkas\u00e1g:R), a feket\u00e9vel nem is ismer magyar felhaszn\u00e1l\u00e1st.<br \/>\nAz 1864-s soldi b\u00e9lyeg proviz\u00f3rikus felhaszn\u00e1l\u00e1sa a magyar konzul\u00e1tusi postahivatalban!<br \/>\nA b\u00e9lyegen \u00e1tmen\u0151 regiszterhajt\u00e1s.<\/p>\n","protected":false},"featured_media":11894,"template":"","meta":[],"product_brand":[],"product_cat":[60,73,105],"product_tag":[1044,116,127,67,176,89,256],"class_list":{"0":"post-6592","1":"product","2":"type-product","3":"status-publish","4":"has-post-thumbnail","6":"product_cat-ausztria-1st","7":"product_cat-magyarorszag-1st","8":"product_cat-romania-1st","9":"product_tag-1st-auction-hu","10":"product_tag-belyeg","11":"product_tag-konzulatusi-posta","12":"product_tag-marcofilatelia","13":"product_tag-philagem","14":"product_tag-postatortenet","15":"product_tag-provizorium","16":"pa_catalog_id-724","18":"first","19":"instock","20":"sold-individually","21":"shipping-taxable","22":"product-type-simple"},"_links":{"self":[{"href":"https:\/\/stampcurio.com\/hu\/wp-json\/wp\/v2\/product\/6592","targetHints":{"allow":["GET"]}}],"collection":[{"href":"https:\/\/stampcurio.com\/hu\/wp-json\/wp\/v2\/product"}],"about":[{"href":"https:\/\/stampcurio.com\/hu\/wp-json\/wp\/v2\/types\/product"}],"wp:featuredmedia":[{"embeddable":true,"href":"https:\/\/stampcurio.com\/hu\/wp-json\/wp\/v2\/media\/11894"}],"wp:attachment":[{"href":"https:\/\/stampcurio.com\/hu\/wp-json\/wp\/v2\/media?parent=6592"}],"wp:term":[{"taxonomy":"product_brand","embeddable":true,"href":"https:\/\/stampcurio.com\/hu\/wp-json\/wp\/v2\/product_brand?post=6592"},{"taxonomy":"product_cat","embeddable":true,"href":"https:\/\/stampcurio.com\/hu\/wp-json\/wp\/v2\/product_cat?post=6592"},{"taxonomy":"product_tag","embeddable":true,"href":"https:\/\/stampcurio.com\/hu\/wp-json\/wp\/v2\/product_tag?post=6592"}],"curies":[{"name":"wp","href":"https:\/\/api.w.org\/{rel}","templated":true}]}}