{"id":6583,"date":"2023-11-21T18:54:54","date_gmt":"2023-11-21T17:54:54","guid":{"rendered":"http:\/\/stampcurio.com\/?post_type=product&#038;p=6583"},"modified":"2025-12-05T04:11:04","modified_gmt":"2025-12-05T03:11:04","slug":"1855-julius-30-szaszorszag-3x1gr-magyarorszagra-kuldott-teljes-2-oldalas-levelen-ritkabb-destinacio","status":"publish","type":"product","link":"https:\/\/stampcurio.com\/hu\/termek\/1855-julius-30-szaszorszag-3x1gr-magyarorszagra-kuldott-teljes-2-oldalas-levelen-ritkabb-destinacio\/","title":{"rendered":"1855 julius 30. Sz\u00e1szorsz\u00e1g 3x1Gr Magyarorsz\u00e1gra k\u00fcld\u00f6tt teljes 2 oldalas lev\u00e9len &#8211; ritk\u00e1bb destin\u00e1ci\u00f3"},"content":{"rendered":"","protected":false},"excerpt":{"rendered":"","protected":false},"featured_media":11828,"template":"","meta":[],"product_brand":[],"product_cat":[73,113],"product_tag":[1044,116,89],"class_list":{"0":"post-6583","1":"product","2":"type-product","3":"status-publish","4":"has-post-thumbnail","6":"product_cat-magyarorszag-1st","7":"product_cat-nemetorszag-1st","8":"product_tag-1st-auction-hu","9":"product_tag-belyeg","10":"product_tag-postatortenet","11":"pa_catalog_id-722","13":"first","14":"instock","15":"sold-individually","16":"shipping-taxable","17":"product-type-simple"},"_links":{"self":[{"href":"https:\/\/stampcurio.com\/hu\/wp-json\/wp\/v2\/product\/6583","targetHints":{"allow":["GET"]}}],"collection":[{"href":"https:\/\/stampcurio.com\/hu\/wp-json\/wp\/v2\/product"}],"about":[{"href":"https:\/\/stampcurio.com\/hu\/wp-json\/wp\/v2\/types\/product"}],"wp:featuredmedia":[{"embeddable":true,"href":"https:\/\/stampcurio.com\/hu\/wp-json\/wp\/v2\/media\/11828"}],"wp:attachment":[{"href":"https:\/\/stampcurio.com\/hu\/wp-json\/wp\/v2\/media?parent=6583"}],"wp:term":[{"taxonomy":"product_brand","embeddable":true,"href":"https:\/\/stampcurio.com\/hu\/wp-json\/wp\/v2\/product_brand?post=6583"},{"taxonomy":"product_cat","embeddable":true,"href":"https:\/\/stampcurio.com\/hu\/wp-json\/wp\/v2\/product_cat?post=6583"},{"taxonomy":"product_tag","embeddable":true,"href":"https:\/\/stampcurio.com\/hu\/wp-json\/wp\/v2\/product_tag?post=6583"}],"curies":[{"name":"wp","href":"https:\/\/api.w.org\/{rel}","templated":true}]}}