{"id":6581,"date":"2023-11-21T18:47:58","date_gmt":"2023-11-21T17:47:58","guid":{"rendered":"http:\/\/stampcurio.com\/?post_type=product&#038;p=6581"},"modified":"2025-12-05T04:11:05","modified_gmt":"2025-12-05T03:11:05","slug":"1899-ajanlott-boritek-monacobol-pozsonyba-kuldve-sarga-papirra-nyomott-50c-belyeggel-ritka-relacio","status":"publish","type":"product","link":"https:\/\/stampcurio.com\/hu\/termek\/1899-ajanlott-boritek-monacobol-pozsonyba-kuldve-sarga-papirra-nyomott-50c-belyeggel-ritka-relacio\/","title":{"rendered":"1899 aj\u00e1nlott bor\u00edt\u00e9k Monac\u00f3b\u00f3l Pozsonyba k\u00fcldve, s\u00e1rga pap\u00edrra nyomott 50c b\u00e9lyeggel &#8211; ritka rel\u00e1ci\u00f3"},"content":{"rendered":"","protected":false},"excerpt":{"rendered":"","protected":false},"featured_media":10998,"template":"","meta":[],"product_brand":[],"product_cat":[73,423,193],"product_tag":[1044,116,89],"class_list":{"0":"post-6581","1":"product","2":"type-product","3":"status-publish","4":"has-post-thumbnail","6":"product_cat-magyarorszag-1st","7":"product_cat-monaco-1st","8":"product_cat-szlovakia-1st","9":"product_tag-1st-auction-hu","10":"product_tag-belyeg","11":"product_tag-postatortenet","12":"pa_catalog_id-721","14":"first","15":"instock","16":"sold-individually","17":"shipping-taxable","18":"product-type-simple"},"_links":{"self":[{"href":"https:\/\/stampcurio.com\/hu\/wp-json\/wp\/v2\/product\/6581","targetHints":{"allow":["GET"]}}],"collection":[{"href":"https:\/\/stampcurio.com\/hu\/wp-json\/wp\/v2\/product"}],"about":[{"href":"https:\/\/stampcurio.com\/hu\/wp-json\/wp\/v2\/types\/product"}],"wp:featuredmedia":[{"embeddable":true,"href":"https:\/\/stampcurio.com\/hu\/wp-json\/wp\/v2\/media\/10998"}],"wp:attachment":[{"href":"https:\/\/stampcurio.com\/hu\/wp-json\/wp\/v2\/media?parent=6581"}],"wp:term":[{"taxonomy":"product_brand","embeddable":true,"href":"https:\/\/stampcurio.com\/hu\/wp-json\/wp\/v2\/product_brand?post=6581"},{"taxonomy":"product_cat","embeddable":true,"href":"https:\/\/stampcurio.com\/hu\/wp-json\/wp\/v2\/product_cat?post=6581"},{"taxonomy":"product_tag","embeddable":true,"href":"https:\/\/stampcurio.com\/hu\/wp-json\/wp\/v2\/product_tag?post=6581"}],"curies":[{"name":"wp","href":"https:\/\/api.w.org\/{rel}","templated":true}]}}