{"id":6461,"date":"2023-11-21T18:40:03","date_gmt":"2023-11-21T17:40:03","guid":{"rendered":"http:\/\/stampcurio.com\/?post_type=product&#038;p=6461"},"modified":"2025-12-05T04:11:05","modified_gmt":"2025-12-05T03:11:05","slug":"1920-11-12-lengyel-postahivatal-konstantinapolyban-p-p-c-felulnyomasu-belyegek-poczta-polska-konstantynpol-belyegzessel-ajanlott-boritekon","status":"publish","type":"product","link":"https:\/\/stampcurio.com\/hu\/termek\/1920-11-12-lengyel-postahivatal-konstantinapolyban-p-p-c-felulnyomasu-belyegek-poczta-polska-konstantynpol-belyegzessel-ajanlott-boritekon\/","title":{"rendered":"1920. 11. 12. Lengyel postahivatal Konstantin\u00e1polyban P.P. \/ C. fel\u00fclnyom\u00e1s\u00fa b\u00e9lyegek Poczta Polska Konstantynpol b\u00e9lyegz\u00e9ssel  aj\u00e1nlott bor\u00edt\u00e9kon"},"content":{"rendered":"","protected":false},"excerpt":{"rendered":"<p>\u00c9rkez\u00e9si b\u00e9lyegz\u0151 a h\u00e1toldalon!<\/p>\n","protected":false},"featured_media":13121,"template":"","meta":[],"product_brand":[],"product_cat":[96,365],"product_tag":[1044,116,187,67,176,89,1006],"class_list":{"0":"post-6461","1":"product","2":"type-product","3":"status-publish","4":"has-post-thumbnail","6":"product_cat-lengyelorszag-1st","7":"product_cat-torokorszag-1st","8":"product_tag-1st-auction-hu","9":"product_tag-belyeg","10":"product_tag-levante","11":"product_tag-marcofilatelia","12":"product_tag-philagem","13":"product_tag-postatortenet","14":"product_tag-unsold","15":"pa_catalog_id-720","17":"first","18":"instock","19":"sold-individually","20":"shipping-taxable","21":"product-type-simple"},"_links":{"self":[{"href":"https:\/\/stampcurio.com\/hu\/wp-json\/wp\/v2\/product\/6461","targetHints":{"allow":["GET"]}}],"collection":[{"href":"https:\/\/stampcurio.com\/hu\/wp-json\/wp\/v2\/product"}],"about":[{"href":"https:\/\/stampcurio.com\/hu\/wp-json\/wp\/v2\/types\/product"}],"wp:featuredmedia":[{"embeddable":true,"href":"https:\/\/stampcurio.com\/hu\/wp-json\/wp\/v2\/media\/13121"}],"wp:attachment":[{"href":"https:\/\/stampcurio.com\/hu\/wp-json\/wp\/v2\/media?parent=6461"}],"wp:term":[{"taxonomy":"product_brand","embeddable":true,"href":"https:\/\/stampcurio.com\/hu\/wp-json\/wp\/v2\/product_brand?post=6461"},{"taxonomy":"product_cat","embeddable":true,"href":"https:\/\/stampcurio.com\/hu\/wp-json\/wp\/v2\/product_cat?post=6461"},{"taxonomy":"product_tag","embeddable":true,"href":"https:\/\/stampcurio.com\/hu\/wp-json\/wp\/v2\/product_tag?post=6461"}],"curies":[{"name":"wp","href":"https:\/\/api.w.org\/{rel}","templated":true}]}}