{"id":6451,"date":"2023-11-21T17:42:50","date_gmt":"2023-11-21T16:42:50","guid":{"rendered":"http:\/\/stampcurio.com\/?post_type=product&#038;p=6451"},"modified":"2025-12-05T04:11:05","modified_gmt":"2025-12-05T03:11:05","slug":"1979-nemzetkozi-gyermekev-ii-1-ft-postatiszta-ragasztott-papiron-ezen-a-kiadason-eddig-ismertelen-nyomdahiba","status":"publish","type":"product","link":"https:\/\/stampcurio.com\/hu\/termek\/1979-nemzetkozi-gyermekev-ii-1-ft-postatiszta-ragasztott-papiron-ezen-a-kiadason-eddig-ismertelen-nyomdahiba\/","title":{"rendered":"1979 Nemzetk\u00f6zi gyermek\u00e9v II. 1 Ft postatiszta ** &#8211; ragasztott pap\u00edron &#8211; ezen a kiad\u00e1son eddig ismertelen nyomdahiba"},"content":{"rendered":"","protected":false},"excerpt":{"rendered":"","protected":false},"featured_media":6447,"template":"","meta":[],"product_brand":[],"product_cat":[73],"product_tag":[1044,116,176,217],"class_list":{"0":"post-6451","1":"product","2":"type-product","3":"status-publish","4":"has-post-thumbnail","6":"product_cat-magyarorszag-1st","7":"product_tag-1st-auction-hu","8":"product_tag-belyeg","9":"product_tag-philagem","10":"product_tag-tevnyomat","11":"pa_catalog_id-719","13":"first","14":"instock","15":"sold-individually","16":"shipping-taxable","17":"product-type-simple"},"_links":{"self":[{"href":"https:\/\/stampcurio.com\/hu\/wp-json\/wp\/v2\/product\/6451","targetHints":{"allow":["GET"]}}],"collection":[{"href":"https:\/\/stampcurio.com\/hu\/wp-json\/wp\/v2\/product"}],"about":[{"href":"https:\/\/stampcurio.com\/hu\/wp-json\/wp\/v2\/types\/product"}],"wp:featuredmedia":[{"embeddable":true,"href":"https:\/\/stampcurio.com\/hu\/wp-json\/wp\/v2\/media\/6447"}],"wp:attachment":[{"href":"https:\/\/stampcurio.com\/hu\/wp-json\/wp\/v2\/media?parent=6451"}],"wp:term":[{"taxonomy":"product_brand","embeddable":true,"href":"https:\/\/stampcurio.com\/hu\/wp-json\/wp\/v2\/product_brand?post=6451"},{"taxonomy":"product_cat","embeddable":true,"href":"https:\/\/stampcurio.com\/hu\/wp-json\/wp\/v2\/product_cat?post=6451"},{"taxonomy":"product_tag","embeddable":true,"href":"https:\/\/stampcurio.com\/hu\/wp-json\/wp\/v2\/product_tag?post=6451"}],"curies":[{"name":"wp","href":"https:\/\/api.w.org\/{rel}","templated":true}]}}