{"id":6449,"date":"2023-11-21T17:23:13","date_gmt":"2023-11-21T16:23:13","guid":{"rendered":"http:\/\/stampcurio.com\/?post_type=product&#038;p=6449"},"modified":"2025-12-05T04:11:06","modified_gmt":"2025-12-05T03:11:06","slug":"1979-kozepkori-magyar-penzek-5ft-postatiszta-ragasztott-papiron-ezen-a-kiadason-eddig-ismertelen-nyomdahiba","status":"publish","type":"product","link":"https:\/\/stampcurio.com\/hu\/termek\/1979-kozepkori-magyar-penzek-5ft-postatiszta-ragasztott-papiron-ezen-a-kiadason-eddig-ismertelen-nyomdahiba\/","title":{"rendered":"1979 K\u00f6z\u00e9pkori magyar p\u00e9nzek 5Ft postatiszta ** &#8211; ragasztott pap\u00edron &#8211; ezen a kiad\u00e1son eddig ismertelen nyomdahiba"},"content":{"rendered":"","protected":false},"excerpt":{"rendered":"<p>Az eredeti nyomdai \u00edven keletkezett szakad\u00e1st jav\u00edtottak egy r\u00e1ragasztott pap\u00edrcs\u00edkkal, a nyom\u00e1si f\u00e1zis el\u0151tt, a jav\u00edt\u00f3 pap\u00edrcs\u00edk alatti pap\u00edr feh\u00e9r, teh\u00e1t nincs rajta nyomat.<\/p>\n","protected":false},"featured_media":6431,"template":"","meta":[],"product_brand":[],"product_cat":[73],"product_tag":[1044,116,176,217],"class_list":{"0":"post-6449","1":"product","2":"type-product","3":"status-publish","4":"has-post-thumbnail","6":"product_cat-magyarorszag-1st","7":"product_tag-1st-auction-hu","8":"product_tag-belyeg","9":"product_tag-philagem","10":"product_tag-tevnyomat","11":"pa_catalog_id-718","13":"first","14":"instock","15":"sold-individually","16":"shipping-taxable","17":"product-type-simple"},"_links":{"self":[{"href":"https:\/\/stampcurio.com\/hu\/wp-json\/wp\/v2\/product\/6449","targetHints":{"allow":["GET"]}}],"collection":[{"href":"https:\/\/stampcurio.com\/hu\/wp-json\/wp\/v2\/product"}],"about":[{"href":"https:\/\/stampcurio.com\/hu\/wp-json\/wp\/v2\/types\/product"}],"wp:featuredmedia":[{"embeddable":true,"href":"https:\/\/stampcurio.com\/hu\/wp-json\/wp\/v2\/media\/6431"}],"wp:attachment":[{"href":"https:\/\/stampcurio.com\/hu\/wp-json\/wp\/v2\/media?parent=6449"}],"wp:term":[{"taxonomy":"product_brand","embeddable":true,"href":"https:\/\/stampcurio.com\/hu\/wp-json\/wp\/v2\/product_brand?post=6449"},{"taxonomy":"product_cat","embeddable":true,"href":"https:\/\/stampcurio.com\/hu\/wp-json\/wp\/v2\/product_cat?post=6449"},{"taxonomy":"product_tag","embeddable":true,"href":"https:\/\/stampcurio.com\/hu\/wp-json\/wp\/v2\/product_tag?post=6449"}],"curies":[{"name":"wp","href":"https:\/\/api.w.org\/{rel}","templated":true}]}}