{"id":6397,"date":"2023-11-21T17:08:42","date_gmt":"2023-11-21T16:08:42","guid":{"rendered":"http:\/\/stampcurio.com\/?post_type=product&#038;p=6397"},"modified":"2025-12-05T04:11:06","modified_gmt":"2025-12-05T03:11:06","slug":"1950-repulo-v-3ft-postatiszta-ivszeli-harmascsik-ragasztott-papiron-phu-150-000-ft","status":"publish","type":"product","link":"https:\/\/stampcurio.com\/hu\/termek\/1950-repulo-v-3ft-postatiszta-ivszeli-harmascsik-ragasztott-papiron-phu-150-000-ft\/","title":{"rendered":"1950 Rep\u00fcl\u0151 V. 3Ft postatiszta ** \u00edvsz\u00e9li h\u00e1rmascs\u00edk ragasztott pap\u00edron PHu 150.000+ Ft"},"content":{"rendered":"","protected":false},"excerpt":{"rendered":"","protected":false},"featured_media":6417,"template":"","meta":[],"product_brand":[],"product_cat":[73],"product_tag":[1044,116,1008,176,217],"class_list":{"0":"post-6397","1":"product","2":"type-product","3":"status-publish","4":"has-post-thumbnail","6":"product_cat-magyarorszag-1st","7":"product_tag-1st-auction-hu","8":"product_tag-belyeg","9":"product_tag-ebay","10":"product_tag-philagem","11":"product_tag-tevnyomat","12":"pa_catalog_id-717","14":"first","15":"instock","16":"sold-individually","17":"shipping-taxable","18":"product-type-simple"},"_links":{"self":[{"href":"https:\/\/stampcurio.com\/hu\/wp-json\/wp\/v2\/product\/6397","targetHints":{"allow":["GET"]}}],"collection":[{"href":"https:\/\/stampcurio.com\/hu\/wp-json\/wp\/v2\/product"}],"about":[{"href":"https:\/\/stampcurio.com\/hu\/wp-json\/wp\/v2\/types\/product"}],"wp:featuredmedia":[{"embeddable":true,"href":"https:\/\/stampcurio.com\/hu\/wp-json\/wp\/v2\/media\/6417"}],"wp:attachment":[{"href":"https:\/\/stampcurio.com\/hu\/wp-json\/wp\/v2\/media?parent=6397"}],"wp:term":[{"taxonomy":"product_brand","embeddable":true,"href":"https:\/\/stampcurio.com\/hu\/wp-json\/wp\/v2\/product_brand?post=6397"},{"taxonomy":"product_cat","embeddable":true,"href":"https:\/\/stampcurio.com\/hu\/wp-json\/wp\/v2\/product_cat?post=6397"},{"taxonomy":"product_tag","embeddable":true,"href":"https:\/\/stampcurio.com\/hu\/wp-json\/wp\/v2\/product_tag?post=6397"}],"curies":[{"name":"wp","href":"https:\/\/api.w.org\/{rel}","templated":true}]}}