{"id":6394,"date":"2023-11-21T15:53:08","date_gmt":"2023-11-21T14:53:08","guid":{"rendered":"http:\/\/stampcurio.com\/?post_type=product&#038;p=6394"},"modified":"2025-12-05T04:11:07","modified_gmt":"2025-12-05T03:11:07","slug":"1919-tanacskoztarsasag-arckepei-dozsa-gyorgy-eddig-ismertlen-essze-feltehetoleg-a-varadi-fele-sorozatbol-gara-arnold-szigno-ujjlenyomat","status":"publish","type":"product","link":"https:\/\/stampcurio.com\/hu\/termek\/1919-tanacskoztarsasag-arckepei-dozsa-gyorgy-eddig-ismertlen-essze-feltehetoleg-a-varadi-fele-sorozatbol-gara-arnold-szigno-ujjlenyomat\/","title":{"rendered":"1919 Tan\u00e1csk\u00f6zt\u00e1rsas\u00e1g arck\u00e9pei &#8211; D\u00f3zsa Gy\u00f6rgy &#8211; eddig ismertlen essz\u00e9 feltehet\u0151leg a V\u00e1radi f\u00e9le sorozatb\u00f3l, Gara Arnold szign\u00f3 + ujjlenyomat (?)"},"content":{"rendered":"","protected":false},"excerpt":{"rendered":"<p>A k\u00f6z\u00e9pr\u00e9sz r\u00e9znyom\u00e1ssal, a keret s\u00edknyom\u00e1ssal h\u00e1rtya pap\u00edron (0,07 mm).<br \/>\nA k\u00f6z\u00e9pr\u00e9sz m\u00e9rete 6&#215;5 cm.<br \/>\nAlul \u00e9s fel\u00fcl a essz\u00e9 legsz\u00e9l\u00e9n visszintes szakad\u00e1s a pap\u00edrban.<br \/>\nA h\u00e1toldalon ujjlenyomat, tal\u00e1n pont Gara Arnold\u00e9&#8230;<br \/>\n<a href=\"https:\/\/hu.wikipedia.org\/wiki\/Gara_Arnold\" rel=\"noopener\" target=\"_blank\">Gara Arnold \u00e9letrajz<\/a><\/p>\n","protected":false},"featured_media":6405,"template":"","meta":[],"product_brand":[],"product_cat":[73],"product_tag":[1044,116,714,176],"class_list":{"0":"post-6394","1":"product","2":"type-product","3":"status-publish","4":"has-post-thumbnail","6":"product_cat-magyarorszag-1st","7":"product_tag-1st-auction-hu","8":"product_tag-belyeg","9":"product_tag-essze","10":"product_tag-philagem","11":"pa_catalog_id-712","13":"first","14":"instock","15":"sold-individually","16":"shipping-taxable","17":"product-type-simple"},"_links":{"self":[{"href":"https:\/\/stampcurio.com\/hu\/wp-json\/wp\/v2\/product\/6394","targetHints":{"allow":["GET"]}}],"collection":[{"href":"https:\/\/stampcurio.com\/hu\/wp-json\/wp\/v2\/product"}],"about":[{"href":"https:\/\/stampcurio.com\/hu\/wp-json\/wp\/v2\/types\/product"}],"wp:featuredmedia":[{"embeddable":true,"href":"https:\/\/stampcurio.com\/hu\/wp-json\/wp\/v2\/media\/6405"}],"wp:attachment":[{"href":"https:\/\/stampcurio.com\/hu\/wp-json\/wp\/v2\/media?parent=6394"}],"wp:term":[{"taxonomy":"product_brand","embeddable":true,"href":"https:\/\/stampcurio.com\/hu\/wp-json\/wp\/v2\/product_brand?post=6394"},{"taxonomy":"product_cat","embeddable":true,"href":"https:\/\/stampcurio.com\/hu\/wp-json\/wp\/v2\/product_cat?post=6394"},{"taxonomy":"product_tag","embeddable":true,"href":"https:\/\/stampcurio.com\/hu\/wp-json\/wp\/v2\/product_tag?post=6394"}],"curies":[{"name":"wp","href":"https:\/\/api.w.org\/{rel}","templated":true}]}}