{"id":6391,"date":"2023-11-21T15:37:09","date_gmt":"2023-11-21T14:37:09","guid":{"rendered":"http:\/\/stampcurio.com\/?post_type=product&#038;p=6391"},"modified":"2025-12-05T04:11:07","modified_gmt":"2025-12-05T03:11:07","slug":"1919-tanacskoztarsasag-arckepei-a-varadi-fele-100-peldanyban-keszult-belyegtervek-esszek-a-belyegterezok-altal-szignalva","status":"publish","type":"product","link":"https:\/\/stampcurio.com\/hu\/termek\/1919-tanacskoztarsasag-arckepei-a-varadi-fele-100-peldanyban-keszult-belyegtervek-esszek-a-belyegterezok-altal-szignalva\/","title":{"rendered":"1919 Tan\u00e1csk\u00f6zt\u00e1rsas\u00e1g arck\u00e9pei &#8211; a V\u00e1radi f\u00e9le 100 p\u00e9ld\u00e1nyban k\u00e9sz\u00fclt b\u00e9lyegtervek \/ essz\u00e9k, a b\u00e9lyegterez\u0151k \u00e1ltal szign\u00e1lva"},"content":{"rendered":"","protected":false},"excerpt":{"rendered":"<p>Ritk\u00e1n l\u00e1that\u00f3 egyben a teljes sorozat.<\/p>\n","protected":false},"featured_media":6375,"template":"","meta":[],"product_brand":[],"product_cat":[73],"product_tag":[1044,116,714,176],"class_list":{"0":"post-6391","1":"product","2":"type-product","3":"status-publish","4":"has-post-thumbnail","6":"product_cat-magyarorszag-1st","7":"product_tag-1st-auction-hu","8":"product_tag-belyeg","9":"product_tag-essze","10":"product_tag-philagem","11":"pa_catalog_id-711","13":"first","14":"instock","15":"sold-individually","16":"shipping-taxable","17":"product-type-simple"},"_links":{"self":[{"href":"https:\/\/stampcurio.com\/hu\/wp-json\/wp\/v2\/product\/6391","targetHints":{"allow":["GET"]}}],"collection":[{"href":"https:\/\/stampcurio.com\/hu\/wp-json\/wp\/v2\/product"}],"about":[{"href":"https:\/\/stampcurio.com\/hu\/wp-json\/wp\/v2\/types\/product"}],"wp:featuredmedia":[{"embeddable":true,"href":"https:\/\/stampcurio.com\/hu\/wp-json\/wp\/v2\/media\/6375"}],"wp:attachment":[{"href":"https:\/\/stampcurio.com\/hu\/wp-json\/wp\/v2\/media?parent=6391"}],"wp:term":[{"taxonomy":"product_brand","embeddable":true,"href":"https:\/\/stampcurio.com\/hu\/wp-json\/wp\/v2\/product_brand?post=6391"},{"taxonomy":"product_cat","embeddable":true,"href":"https:\/\/stampcurio.com\/hu\/wp-json\/wp\/v2\/product_cat?post=6391"},{"taxonomy":"product_tag","embeddable":true,"href":"https:\/\/stampcurio.com\/hu\/wp-json\/wp\/v2\/product_tag?post=6391"}],"curies":[{"name":"wp","href":"https:\/\/api.w.org\/{rel}","templated":true}]}}