{"id":6387,"date":"2023-11-21T15:04:26","date_gmt":"2023-11-21T14:04:26","guid":{"rendered":"http:\/\/stampcurio.com\/?post_type=product&#038;p=6387"},"modified":"2025-12-05T04:11:07","modified_gmt":"2025-12-05T03:11:07","slug":"1871-1921-a-magyar-belyeg-50-eves-jubileumara-keszult-levelzarok-szin-es-papir-variaciok-1-kiadas","status":"publish","type":"product","link":"https:\/\/stampcurio.com\/hu\/termek\/1871-1921-a-magyar-belyeg-50-eves-jubileumara-keszult-levelzarok-szin-es-papir-variaciok-1-kiadas\/","title":{"rendered":"1871 \/ 1921 a magyar b\u00e9lyeg 50 \u00e9ves jubileum\u00e1ra k\u00e9sz\u00fclt lev\u00e9lz\u00e1r\u00f3k, sz\u00edn \u00e9s pap\u00edr vari\u00e1ci\u00f3k &#8211; 1. kiad\u00e1s"},"content":{"rendered":"","protected":false},"excerpt":{"rendered":"","protected":false},"featured_media":11844,"template":"","meta":[],"product_brand":[],"product_cat":[73],"product_tag":[1044,116,194],"class_list":{"0":"post-6387","1":"product","2":"type-product","3":"status-publish","4":"has-post-thumbnail","6":"product_cat-magyarorszag-1st","7":"product_tag-1st-auction-hu","8":"product_tag-belyeg","9":"product_tag-levelzaro","10":"pa_catalog_id-710","12":"first","13":"instock","14":"sold-individually","15":"shipping-taxable","16":"product-type-simple"},"_links":{"self":[{"href":"https:\/\/stampcurio.com\/hu\/wp-json\/wp\/v2\/product\/6387","targetHints":{"allow":["GET"]}}],"collection":[{"href":"https:\/\/stampcurio.com\/hu\/wp-json\/wp\/v2\/product"}],"about":[{"href":"https:\/\/stampcurio.com\/hu\/wp-json\/wp\/v2\/types\/product"}],"wp:featuredmedia":[{"embeddable":true,"href":"https:\/\/stampcurio.com\/hu\/wp-json\/wp\/v2\/media\/11844"}],"wp:attachment":[{"href":"https:\/\/stampcurio.com\/hu\/wp-json\/wp\/v2\/media?parent=6387"}],"wp:term":[{"taxonomy":"product_brand","embeddable":true,"href":"https:\/\/stampcurio.com\/hu\/wp-json\/wp\/v2\/product_brand?post=6387"},{"taxonomy":"product_cat","embeddable":true,"href":"https:\/\/stampcurio.com\/hu\/wp-json\/wp\/v2\/product_cat?post=6387"},{"taxonomy":"product_tag","embeddable":true,"href":"https:\/\/stampcurio.com\/hu\/wp-json\/wp\/v2\/product_tag?post=6387"}],"curies":[{"name":"wp","href":"https:\/\/api.w.org\/{rel}","templated":true}]}}