{"id":6380,"date":"2023-11-21T14:56:14","date_gmt":"2023-11-21T13:56:14","guid":{"rendered":"http:\/\/stampcurio.com\/?post_type=product&#038;p=6380"},"modified":"2025-12-05T04:11:08","modified_gmt":"2025-12-05T03:11:08","slug":"1897-dijjegyes-levelezesi-lap-vermes-lajos-perfinnel-nemetorszagba-kuldve","status":"publish","type":"product","link":"https:\/\/stampcurio.com\/hu\/termek\/1897-dijjegyes-levelezesi-lap-vermes-lajos-perfinnel-nemetorszagba-kuldve\/","title":{"rendered":"1897 d\u00edjjegyes levelez\u00e9si lap VERMES LAJOS perfinnel N\u00e9metorsz\u00e1gba k\u00fcldve"},"content":{"rendered":"","protected":false},"excerpt":{"rendered":"","protected":false},"featured_media":13104,"template":"","meta":[],"product_brand":[],"product_cat":[73,113],"product_tag":[1044,230,176,75,264],"class_list":{"0":"post-6380","1":"product","2":"type-product","3":"status-publish","4":"has-post-thumbnail","6":"product_cat-magyarorszag-1st","7":"product_cat-nemetorszag-1st","8":"product_tag-1st-auction-hu","9":"product_tag-perfin","10":"product_tag-philagem","11":"product_tag-reklam","12":"product_tag-sport","13":"pa_catalog_id-706","15":"first","16":"instock","17":"sold-individually","18":"shipping-taxable","19":"product-type-simple"},"_links":{"self":[{"href":"https:\/\/stampcurio.com\/hu\/wp-json\/wp\/v2\/product\/6380","targetHints":{"allow":["GET"]}}],"collection":[{"href":"https:\/\/stampcurio.com\/hu\/wp-json\/wp\/v2\/product"}],"about":[{"href":"https:\/\/stampcurio.com\/hu\/wp-json\/wp\/v2\/types\/product"}],"wp:featuredmedia":[{"embeddable":true,"href":"https:\/\/stampcurio.com\/hu\/wp-json\/wp\/v2\/media\/13104"}],"wp:attachment":[{"href":"https:\/\/stampcurio.com\/hu\/wp-json\/wp\/v2\/media?parent=6380"}],"wp:term":[{"taxonomy":"product_brand","embeddable":true,"href":"https:\/\/stampcurio.com\/hu\/wp-json\/wp\/v2\/product_brand?post=6380"},{"taxonomy":"product_cat","embeddable":true,"href":"https:\/\/stampcurio.com\/hu\/wp-json\/wp\/v2\/product_cat?post=6380"},{"taxonomy":"product_tag","embeddable":true,"href":"https:\/\/stampcurio.com\/hu\/wp-json\/wp\/v2\/product_tag?post=6380"}],"curies":[{"name":"wp","href":"https:\/\/api.w.org\/{rel}","templated":true}]}}