{"id":6378,"date":"2023-11-21T13:52:18","date_gmt":"2023-11-21T12:52:18","guid":{"rendered":"http:\/\/stampcurio.com\/?post_type=product&#038;p=6378"},"modified":"2025-12-05T04:11:08","modified_gmt":"2025-12-05T03:11:08","slug":"1887-olaszorszag-vorosesbarna-2c-belyeg-ci-perfinnel-reklamos-zart-levelezolapon","status":"publish","type":"product","link":"https:\/\/stampcurio.com\/hu\/termek\/1887-olaszorszag-vorosesbarna-2c-belyeg-ci-perfinnel-reklamos-zart-levelezolapon\/","title":{"rendered":"1887 Olaszorsz\u00e1g &#8211; v\u00f6r\u00f6sesbarna 2c b\u00e9lyeg CI perfinnel rekl\u00e1mos z\u00e1rt levelez\u0151lapon"},"content":{"rendered":"","protected":false},"excerpt":{"rendered":"","protected":false},"featured_media":11851,"template":"","meta":[],"product_brand":[],"product_cat":[86],"product_tag":[1044,116,230,176,75],"class_list":{"0":"post-6378","1":"product","2":"type-product","3":"status-publish","4":"has-post-thumbnail","6":"product_cat-olaszorszag-1st","7":"product_tag-1st-auction-hu","8":"product_tag-belyeg","9":"product_tag-perfin","10":"product_tag-philagem","11":"product_tag-reklam","12":"pa_catalog_id-705","14":"first","15":"instock","16":"sold-individually","17":"shipping-taxable","18":"product-type-simple"},"_links":{"self":[{"href":"https:\/\/stampcurio.com\/hu\/wp-json\/wp\/v2\/product\/6378","targetHints":{"allow":["GET"]}}],"collection":[{"href":"https:\/\/stampcurio.com\/hu\/wp-json\/wp\/v2\/product"}],"about":[{"href":"https:\/\/stampcurio.com\/hu\/wp-json\/wp\/v2\/types\/product"}],"wp:featuredmedia":[{"embeddable":true,"href":"https:\/\/stampcurio.com\/hu\/wp-json\/wp\/v2\/media\/11851"}],"wp:attachment":[{"href":"https:\/\/stampcurio.com\/hu\/wp-json\/wp\/v2\/media?parent=6378"}],"wp:term":[{"taxonomy":"product_brand","embeddable":true,"href":"https:\/\/stampcurio.com\/hu\/wp-json\/wp\/v2\/product_brand?post=6378"},{"taxonomy":"product_cat","embeddable":true,"href":"https:\/\/stampcurio.com\/hu\/wp-json\/wp\/v2\/product_cat?post=6378"},{"taxonomy":"product_tag","embeddable":true,"href":"https:\/\/stampcurio.com\/hu\/wp-json\/wp\/v2\/product_tag?post=6378"}],"curies":[{"name":"wp","href":"https:\/\/api.w.org\/{rel}","templated":true}]}}