{"id":6322,"date":"2023-11-21T12:26:26","date_gmt":"2023-11-21T11:26:26","guid":{"rendered":"http:\/\/stampcurio.com\/?post_type=product&#038;p=6322"},"modified":"2025-12-05T04:11:09","modified_gmt":"2025-12-05T03:11:09","slug":"1945-marcius-latvanyos-nagydorog-provizorikus-belyegzes-level-elolapon-budapest-szuksegtarifas-portozassal","status":"publish","type":"product","link":"https:\/\/stampcurio.com\/hu\/termek\/1945-marcius-latvanyos-nagydorog-provizorikus-belyegzes-level-elolapon-budapest-szuksegtarifas-portozassal\/","title":{"rendered":"1945 m\u00e1rcius l\u00e1tv\u00e1nyos NAGYDOROG proviz\u00f3rikus b\u00e9lyegz\u00e9s lev\u00e9l el\u0151lapon Budapest sz\u00fcks\u00e9gtarif\u00e1s port\u00f3z\u00e1ssal"},"content":{"rendered":"","protected":false},"excerpt":{"rendered":"","protected":false},"featured_media":11834,"template":"","meta":[],"product_brand":[],"product_cat":[73],"product_tag":[279,1044,67,108,89],"class_list":{"0":"post-6322","1":"product","2":"type-product","3":"status-publish","4":"has-post-thumbnail","6":"product_cat-magyarorszag-1st","7":"product_tag-1944-45","8":"product_tag-1st-auction-hu","9":"product_tag-marcofilatelia","10":"product_tag-porto","11":"product_tag-postatortenet","12":"pa_catalog_id-704","14":"first","15":"instock","16":"sold-individually","17":"shipping-taxable","18":"product-type-simple"},"_links":{"self":[{"href":"https:\/\/stampcurio.com\/hu\/wp-json\/wp\/v2\/product\/6322","targetHints":{"allow":["GET"]}}],"collection":[{"href":"https:\/\/stampcurio.com\/hu\/wp-json\/wp\/v2\/product"}],"about":[{"href":"https:\/\/stampcurio.com\/hu\/wp-json\/wp\/v2\/types\/product"}],"wp:featuredmedia":[{"embeddable":true,"href":"https:\/\/stampcurio.com\/hu\/wp-json\/wp\/v2\/media\/11834"}],"wp:attachment":[{"href":"https:\/\/stampcurio.com\/hu\/wp-json\/wp\/v2\/media?parent=6322"}],"wp:term":[{"taxonomy":"product_brand","embeddable":true,"href":"https:\/\/stampcurio.com\/hu\/wp-json\/wp\/v2\/product_brand?post=6322"},{"taxonomy":"product_cat","embeddable":true,"href":"https:\/\/stampcurio.com\/hu\/wp-json\/wp\/v2\/product_cat?post=6322"},{"taxonomy":"product_tag","embeddable":true,"href":"https:\/\/stampcurio.com\/hu\/wp-json\/wp\/v2\/product_tag?post=6322"}],"curies":[{"name":"wp","href":"https:\/\/api.w.org\/{rel}","templated":true}]}}