{"id":6314,"date":"2023-11-21T12:12:21","date_gmt":"2023-11-21T11:12:21","guid":{"rendered":"http:\/\/stampcurio.com\/?post_type=product&#038;p=6314"},"modified":"2025-12-05T04:11:09","modified_gmt":"2025-12-05T03:11:09","slug":"1911-kina-kepeslap-qinhuangdaobol-magyarorszagra-kuldve-ritka-destinacio-az-egyik-belyegen-vizszintes-karc-lemezjavitas","status":"publish","type":"product","link":"https:\/\/stampcurio.com\/hu\/termek\/1911-kina-kepeslap-qinhuangdaobol-magyarorszagra-kuldve-ritka-destinacio-az-egyik-belyegen-vizszintes-karc-lemezjavitas\/","title":{"rendered":"1911 K\u00edna &#8211; k\u00e9peslap Qinhuangdaob\u00f3l Magyarorsz\u00e1gra k\u00fcldve &#8211; ritka destin\u00e1ci\u00f3 &#8211; az egyik b\u00e9lyegen vizszintes karc + lemezjav\u00edt\u00e1s"},"content":{"rendered":"","protected":false},"excerpt":{"rendered":"","protected":false},"featured_media":6318,"template":"","meta":[],"product_brand":[],"product_cat":[207,73],"product_tag":[1044,116,97,89,217],"class_list":{"0":"post-6314","1":"product","2":"type-product","3":"status-publish","4":"has-post-thumbnail","6":"product_cat-kina-1st","7":"product_cat-magyarorszag-1st","8":"product_tag-1st-auction-hu","9":"product_tag-belyeg","10":"product_tag-kepeslap","11":"product_tag-postatortenet","12":"product_tag-tevnyomat","13":"pa_catalog_id-703","15":"first","16":"instock","17":"sold-individually","18":"shipping-taxable","19":"product-type-simple"},"_links":{"self":[{"href":"https:\/\/stampcurio.com\/hu\/wp-json\/wp\/v2\/product\/6314","targetHints":{"allow":["GET"]}}],"collection":[{"href":"https:\/\/stampcurio.com\/hu\/wp-json\/wp\/v2\/product"}],"about":[{"href":"https:\/\/stampcurio.com\/hu\/wp-json\/wp\/v2\/types\/product"}],"wp:featuredmedia":[{"embeddable":true,"href":"https:\/\/stampcurio.com\/hu\/wp-json\/wp\/v2\/media\/6318"}],"wp:attachment":[{"href":"https:\/\/stampcurio.com\/hu\/wp-json\/wp\/v2\/media?parent=6314"}],"wp:term":[{"taxonomy":"product_brand","embeddable":true,"href":"https:\/\/stampcurio.com\/hu\/wp-json\/wp\/v2\/product_brand?post=6314"},{"taxonomy":"product_cat","embeddable":true,"href":"https:\/\/stampcurio.com\/hu\/wp-json\/wp\/v2\/product_cat?post=6314"},{"taxonomy":"product_tag","embeddable":true,"href":"https:\/\/stampcurio.com\/hu\/wp-json\/wp\/v2\/product_tag?post=6314"}],"curies":[{"name":"wp","href":"https:\/\/api.w.org\/{rel}","templated":true}]}}