{"id":6309,"date":"2023-11-21T11:53:48","date_gmt":"2023-11-21T10:53:48","guid":{"rendered":"http:\/\/stampcurio.com\/?post_type=product&#038;p=6309"},"modified":"2025-12-05T04:11:09","modified_gmt":"2025-12-05T03:11:09","slug":"1989-csodalatos-szallitolevel-svedorszagbol-etiopiaba-legipostan-kuldott-15-kg-s-csomagrol-elkepeszto-645-korona-bermentesitessel","status":"publish","type":"product","link":"https:\/\/stampcurio.com\/hu\/termek\/1989-csodalatos-szallitolevel-svedorszagbol-etiopiaba-legipostan-kuldott-15-kg-s-csomagrol-elkepeszto-645-korona-bermentesitessel\/","title":{"rendered":"1989 csod\u00e1latos sz\u00e1ll\u00edt\u00f3lev\u00e9l Sv\u00e9dorsz\u00e1gb\u00f3l Eti\u00f3pi\u00e1ba l\u00e9gipost\u00e1n k\u00fcld\u00f6tt 15 kg-s csomagr\u00f3l, elk\u00e9peszt\u0151 645 (!) Korona b\u00e9rmentes\u00edt\u00e9ssel"},"content":{"rendered":"","protected":false},"excerpt":{"rendered":"","protected":false},"featured_media":11837,"template":"","meta":[],"product_brand":[],"product_cat":[312,136],"product_tag":[1044,116,115,176,89,157],"class_list":{"0":"post-6309","1":"product","2":"type-product","3":"status-publish","4":"has-post-thumbnail","6":"product_cat-etiopia-1st","7":"product_cat-svedorszag-1st","8":"product_tag-1st-auction-hu","9":"product_tag-belyeg","10":"product_tag-legiposta","11":"product_tag-philagem","12":"product_tag-postatortenet","13":"product_tag-szallitolevel","14":"pa_catalog_id-702","16":"first","17":"instock","18":"sold-individually","19":"shipping-taxable","20":"product-type-simple"},"_links":{"self":[{"href":"https:\/\/stampcurio.com\/hu\/wp-json\/wp\/v2\/product\/6309","targetHints":{"allow":["GET"]}}],"collection":[{"href":"https:\/\/stampcurio.com\/hu\/wp-json\/wp\/v2\/product"}],"about":[{"href":"https:\/\/stampcurio.com\/hu\/wp-json\/wp\/v2\/types\/product"}],"wp:featuredmedia":[{"embeddable":true,"href":"https:\/\/stampcurio.com\/hu\/wp-json\/wp\/v2\/media\/11837"}],"wp:attachment":[{"href":"https:\/\/stampcurio.com\/hu\/wp-json\/wp\/v2\/media?parent=6309"}],"wp:term":[{"taxonomy":"product_brand","embeddable":true,"href":"https:\/\/stampcurio.com\/hu\/wp-json\/wp\/v2\/product_brand?post=6309"},{"taxonomy":"product_cat","embeddable":true,"href":"https:\/\/stampcurio.com\/hu\/wp-json\/wp\/v2\/product_cat?post=6309"},{"taxonomy":"product_tag","embeddable":true,"href":"https:\/\/stampcurio.com\/hu\/wp-json\/wp\/v2\/product_tag?post=6309"}],"curies":[{"name":"wp","href":"https:\/\/api.w.org\/{rel}","templated":true}]}}