{"id":6304,"date":"2023-11-21T11:44:23","date_gmt":"2023-11-21T10:44:23","guid":{"rendered":"http:\/\/stampcurio.com\/?post_type=product&#038;p=6304"},"modified":"2025-12-05T04:11:10","modified_gmt":"2025-12-05T03:11:10","slug":"1906-erdelyi-hotelposta-hohen-rinne-v-5h-postatiszta-a-szokasos-elonytelen-enyvezessel","status":"publish","type":"product","link":"https:\/\/stampcurio.com\/hu\/termek\/1906-erdelyi-hotelposta-hohen-rinne-v-5h-postatiszta-a-szokasos-elonytelen-enyvezessel\/","title":{"rendered":"1906 Erd\u00e9lyi hotelposta \u2013 HOHEN RINNE V. 5h postatiszta ** a szok\u00e1sos el\u0151nytelen enyvez\u00e9ssel"},"content":{"rendered":"","protected":false},"excerpt":{"rendered":"<p>\u00cdvsz\u00e9li p\u00e9ld\u00e1ny, ez\u00e9rt egy oldalon v\u00e1gva \/ +20% fel\u00e1r.<\/p>\n","protected":false},"featured_media":11842,"template":"","meta":[],"product_brand":[],"product_cat":[73,105],"product_tag":[1044,116,175],"class_list":{"0":"post-6304","1":"product","2":"type-product","3":"status-publish","4":"has-post-thumbnail","6":"product_cat-magyarorszag-1st","7":"product_cat-romania-1st","8":"product_tag-1st-auction-hu","9":"product_tag-belyeg","10":"product_tag-hotelposta","11":"pa_catalog_id-701","13":"first","14":"instock","15":"sold-individually","16":"shipping-taxable","17":"product-type-simple"},"_links":{"self":[{"href":"https:\/\/stampcurio.com\/hu\/wp-json\/wp\/v2\/product\/6304","targetHints":{"allow":["GET"]}}],"collection":[{"href":"https:\/\/stampcurio.com\/hu\/wp-json\/wp\/v2\/product"}],"about":[{"href":"https:\/\/stampcurio.com\/hu\/wp-json\/wp\/v2\/types\/product"}],"wp:featuredmedia":[{"embeddable":true,"href":"https:\/\/stampcurio.com\/hu\/wp-json\/wp\/v2\/media\/11842"}],"wp:attachment":[{"href":"https:\/\/stampcurio.com\/hu\/wp-json\/wp\/v2\/media?parent=6304"}],"wp:term":[{"taxonomy":"product_brand","embeddable":true,"href":"https:\/\/stampcurio.com\/hu\/wp-json\/wp\/v2\/product_brand?post=6304"},{"taxonomy":"product_cat","embeddable":true,"href":"https:\/\/stampcurio.com\/hu\/wp-json\/wp\/v2\/product_cat?post=6304"},{"taxonomy":"product_tag","embeddable":true,"href":"https:\/\/stampcurio.com\/hu\/wp-json\/wp\/v2\/product_tag?post=6304"}],"curies":[{"name":"wp","href":"https:\/\/api.w.org\/{rel}","templated":true}]}}