{"id":6190,"date":"2023-11-21T00:37:21","date_gmt":"2023-11-20T23:37:21","guid":{"rendered":"http:\/\/stampcurio.com\/?post_type=product&#038;p=6190"},"modified":"2025-12-05T04:11:12","modified_gmt":"2025-12-05T03:11:12","slug":"1862-belgiumbol-magyarorszagra-emich-gusztavnak-kuldott-boritek","status":"publish","type":"product","link":"https:\/\/stampcurio.com\/hu\/termek\/1862-belgiumbol-magyarorszagra-emich-gusztavnak-kuldott-boritek\/","title":{"rendered":"1862 Belgiumb\u00f3l Magyarorsz\u00e1gra Emich Guszt\u00e1vnak k\u00fcld\u00f6tt bor\u00edt\u00e9k"},"content":{"rendered":"","protected":false},"excerpt":{"rendered":"<p>Az 1848-s szabads\u00e1gharcban is szerepet v\u00e1llal\u00f3 c\u00edmzett \u00e9letrajza itt olvashat\u00f3:<br \/>\n<a href=\"https:\/\/hu.wikipedia.org\/wiki\/Emich_Guszt%C3%A1v_(nyomd%C3%A1sz)\">Emich Guszt\u00e1v<\/a><\/p>\n","protected":false},"featured_media":11839,"template":"","meta":[],"product_brand":[],"product_cat":[263,73],"product_tag":[1044,116,89],"class_list":{"0":"post-6190","1":"product","2":"type-product","3":"status-publish","4":"has-post-thumbnail","6":"product_cat-belgium-1st","7":"product_cat-magyarorszag-1st","8":"product_tag-1st-auction-hu","9":"product_tag-belyeg","10":"product_tag-postatortenet","11":"pa_catalog_id-699","13":"first","14":"instock","15":"sold-individually","16":"shipping-taxable","17":"product-type-simple"},"_links":{"self":[{"href":"https:\/\/stampcurio.com\/hu\/wp-json\/wp\/v2\/product\/6190","targetHints":{"allow":["GET"]}}],"collection":[{"href":"https:\/\/stampcurio.com\/hu\/wp-json\/wp\/v2\/product"}],"about":[{"href":"https:\/\/stampcurio.com\/hu\/wp-json\/wp\/v2\/types\/product"}],"wp:featuredmedia":[{"embeddable":true,"href":"https:\/\/stampcurio.com\/hu\/wp-json\/wp\/v2\/media\/11839"}],"wp:attachment":[{"href":"https:\/\/stampcurio.com\/hu\/wp-json\/wp\/v2\/media?parent=6190"}],"wp:term":[{"taxonomy":"product_brand","embeddable":true,"href":"https:\/\/stampcurio.com\/hu\/wp-json\/wp\/v2\/product_brand?post=6190"},{"taxonomy":"product_cat","embeddable":true,"href":"https:\/\/stampcurio.com\/hu\/wp-json\/wp\/v2\/product_cat?post=6190"},{"taxonomy":"product_tag","embeddable":true,"href":"https:\/\/stampcurio.com\/hu\/wp-json\/wp\/v2\/product_tag?post=6190"}],"curies":[{"name":"wp","href":"https:\/\/api.w.org\/{rel}","templated":true}]}}