{"id":6186,"date":"2023-11-21T00:30:15","date_gmt":"2023-11-20T23:30:15","guid":{"rendered":"http:\/\/stampcurio.com\/?post_type=product&#038;p=6186"},"modified":"2025-12-05T04:11:12","modified_gmt":"2025-12-05T03:11:12","slug":"1906-erdelyi-hotelposta-hohe-rinne-v-2h-postatiszta","status":"publish","type":"product","link":"https:\/\/stampcurio.com\/hu\/termek\/1906-erdelyi-hotelposta-hohe-rinne-v-2h-postatiszta\/","title":{"rendered":"1906 Erd\u00e9lyi hotelposta \u2013 HOHE RINNE V. 2h postatiszta *"},"content":{"rendered":"","protected":false},"excerpt":{"rendered":"<p>\u00cdvsz\u00e9li p\u00e9ld\u00e1ny, ez\u00e9rt egy oldalon v\u00e1gva \/ +20% fel\u00e1r.<\/p>\n","protected":false},"featured_media":11798,"template":"","meta":[],"product_brand":[],"product_cat":[73,105],"product_tag":[1044,116,175],"class_list":{"0":"post-6186","1":"product","2":"type-product","3":"status-publish","4":"has-post-thumbnail","6":"product_cat-magyarorszag-1st","7":"product_cat-romania-1st","8":"product_tag-1st-auction-hu","9":"product_tag-belyeg","10":"product_tag-hotelposta","11":"pa_catalog_id-693","13":"first","14":"instock","15":"sold-individually","16":"shipping-taxable","17":"product-type-simple"},"_links":{"self":[{"href":"https:\/\/stampcurio.com\/hu\/wp-json\/wp\/v2\/product\/6186","targetHints":{"allow":["GET"]}}],"collection":[{"href":"https:\/\/stampcurio.com\/hu\/wp-json\/wp\/v2\/product"}],"about":[{"href":"https:\/\/stampcurio.com\/hu\/wp-json\/wp\/v2\/types\/product"}],"wp:featuredmedia":[{"embeddable":true,"href":"https:\/\/stampcurio.com\/hu\/wp-json\/wp\/v2\/media\/11798"}],"wp:attachment":[{"href":"https:\/\/stampcurio.com\/hu\/wp-json\/wp\/v2\/media?parent=6186"}],"wp:term":[{"taxonomy":"product_brand","embeddable":true,"href":"https:\/\/stampcurio.com\/hu\/wp-json\/wp\/v2\/product_brand?post=6186"},{"taxonomy":"product_cat","embeddable":true,"href":"https:\/\/stampcurio.com\/hu\/wp-json\/wp\/v2\/product_cat?post=6186"},{"taxonomy":"product_tag","embeddable":true,"href":"https:\/\/stampcurio.com\/hu\/wp-json\/wp\/v2\/product_tag?post=6186"}],"curies":[{"name":"wp","href":"https:\/\/api.w.org\/{rel}","templated":true}]}}