{"id":6182,"date":"2023-11-21T00:24:09","date_gmt":"2023-11-20T23:24:09","guid":{"rendered":"http:\/\/stampcurio.com\/?post_type=product&#038;p=6182"},"modified":"2025-12-05T04:11:12","modified_gmt":"2025-12-05T03:11:12","slug":"1900-erdelyi-hotelposta-hohen-rinne-iii-vagott-4h-postatiszta-ivsarki","status":"publish","type":"product","link":"https:\/\/stampcurio.com\/hu\/termek\/1900-erdelyi-hotelposta-hohen-rinne-iii-vagott-4h-postatiszta-ivsarki\/","title":{"rendered":"1900 Erd\u00e9lyi hotelposta \u2013 HOHEN RINNE III. v\u00e1gott 4h postatiszta \u00edvsarki"},"content":{"rendered":"","protected":false},"excerpt":{"rendered":"<p>A nagy fels\u0151 \u00edvsz\u00e9l visszahajlott a b\u00e9lyeg h\u00e1toldal\u00e1ra \u00e9s r\u00e1tapadt.<\/p>\n","protected":false},"featured_media":11801,"template":"","meta":[],"product_brand":[],"product_cat":[73,105],"product_tag":[1044,116,175],"class_list":{"0":"post-6182","1":"product","2":"type-product","3":"status-publish","4":"has-post-thumbnail","6":"product_cat-magyarorszag-1st","7":"product_cat-romania-1st","8":"product_tag-1st-auction-hu","9":"product_tag-belyeg","10":"product_tag-hotelposta","11":"pa_catalog_id-692","13":"first","14":"instock","15":"sold-individually","16":"shipping-taxable","17":"product-type-simple"},"_links":{"self":[{"href":"https:\/\/stampcurio.com\/hu\/wp-json\/wp\/v2\/product\/6182","targetHints":{"allow":["GET"]}}],"collection":[{"href":"https:\/\/stampcurio.com\/hu\/wp-json\/wp\/v2\/product"}],"about":[{"href":"https:\/\/stampcurio.com\/hu\/wp-json\/wp\/v2\/types\/product"}],"wp:featuredmedia":[{"embeddable":true,"href":"https:\/\/stampcurio.com\/hu\/wp-json\/wp\/v2\/media\/11801"}],"wp:attachment":[{"href":"https:\/\/stampcurio.com\/hu\/wp-json\/wp\/v2\/media?parent=6182"}],"wp:term":[{"taxonomy":"product_brand","embeddable":true,"href":"https:\/\/stampcurio.com\/hu\/wp-json\/wp\/v2\/product_brand?post=6182"},{"taxonomy":"product_cat","embeddable":true,"href":"https:\/\/stampcurio.com\/hu\/wp-json\/wp\/v2\/product_cat?post=6182"},{"taxonomy":"product_tag","embeddable":true,"href":"https:\/\/stampcurio.com\/hu\/wp-json\/wp\/v2\/product_tag?post=6182"}],"curies":[{"name":"wp","href":"https:\/\/api.w.org\/{rel}","templated":true}]}}