{"id":6180,"date":"2023-11-21T00:19:13","date_gmt":"2023-11-20T23:19:13","guid":{"rendered":"http:\/\/stampcurio.com\/?post_type=product&#038;p=6180"},"modified":"2025-12-05T04:11:13","modified_gmt":"2025-12-05T03:11:13","slug":"1909-erdelyi-hotelposta-hohen-rinne-vi-5h-postatiszta-ivszeli-kilences-tomb-pruf-jakots","status":"publish","type":"product","link":"https:\/\/stampcurio.com\/hu\/termek\/1909-erdelyi-hotelposta-hohen-rinne-vi-5h-postatiszta-ivszeli-kilences-tomb-pruf-jakots\/","title":{"rendered":"1909 Erd\u00e9lyi hotelposta &#8211; HOHEN RINNE VI. 5h postatiszta ** \u00edvsz\u00e9li kilences t\u00f6mb &#8211; pr\u00fcf Jakots"},"content":{"rendered":"","protected":false},"excerpt":{"rendered":"<p>Az \u00edvsz\u00e9ln\u00e9l falcnyom, egy b\u00e9lyegen ujjnyom.<\/p>\n","protected":false},"featured_media":11804,"template":"","meta":[],"product_brand":[],"product_cat":[73,105],"product_tag":[1044,116,175],"class_list":{"0":"post-6180","1":"product","2":"type-product","3":"status-publish","4":"has-post-thumbnail","6":"product_cat-magyarorszag-1st","7":"product_cat-romania-1st","8":"product_tag-1st-auction-hu","9":"product_tag-belyeg","10":"product_tag-hotelposta","11":"pa_catalog_id-691","13":"first","14":"instock","15":"sold-individually","16":"shipping-taxable","17":"product-type-simple"},"_links":{"self":[{"href":"https:\/\/stampcurio.com\/hu\/wp-json\/wp\/v2\/product\/6180","targetHints":{"allow":["GET"]}}],"collection":[{"href":"https:\/\/stampcurio.com\/hu\/wp-json\/wp\/v2\/product"}],"about":[{"href":"https:\/\/stampcurio.com\/hu\/wp-json\/wp\/v2\/types\/product"}],"wp:featuredmedia":[{"embeddable":true,"href":"https:\/\/stampcurio.com\/hu\/wp-json\/wp\/v2\/media\/11804"}],"wp:attachment":[{"href":"https:\/\/stampcurio.com\/hu\/wp-json\/wp\/v2\/media?parent=6180"}],"wp:term":[{"taxonomy":"product_brand","embeddable":true,"href":"https:\/\/stampcurio.com\/hu\/wp-json\/wp\/v2\/product_brand?post=6180"},{"taxonomy":"product_cat","embeddable":true,"href":"https:\/\/stampcurio.com\/hu\/wp-json\/wp\/v2\/product_cat?post=6180"},{"taxonomy":"product_tag","embeddable":true,"href":"https:\/\/stampcurio.com\/hu\/wp-json\/wp\/v2\/product_tag?post=6180"}],"curies":[{"name":"wp","href":"https:\/\/api.w.org\/{rel}","templated":true}]}}