{"id":6136,"date":"2023-11-20T22:15:39","date_gmt":"2023-11-20T21:15:39","guid":{"rendered":"http:\/\/stampcurio.com\/?post_type=product&#038;p=6136"},"modified":"2025-12-05T04:11:13","modified_gmt":"2025-12-05T03:11:13","slug":"1867-magyarorszag-teljes-sor-szinvariansokkal-phu-620-000-ft","status":"publish","type":"product","link":"https:\/\/stampcurio.com\/hu\/termek\/1867-magyarorszag-teljes-sor-szinvariansokkal-phu-620-000-ft\/","title":{"rendered":"1867 Magyarorsz\u00e1g &#8211; teljes sor sz\u00ednvari\u00e1nsokkal PHu 620.000 Ft"},"content":{"rendered":"","protected":false},"excerpt":{"rendered":"","protected":false},"featured_media":11808,"template":"","meta":[],"product_brand":[],"product_cat":[60,78,73,105,193],"product_tag":[1044,116,67,176],"class_list":{"0":"post-6136","1":"product","2":"type-product","3":"status-publish","4":"has-post-thumbnail","6":"product_cat-ausztria-1st","7":"product_cat-horvatorszag-1st","8":"product_cat-magyarorszag-1st","9":"product_cat-romania-1st","10":"product_cat-szlovakia-1st","11":"product_tag-1st-auction-hu","12":"product_tag-belyeg","13":"product_tag-marcofilatelia","14":"product_tag-philagem","15":"pa_catalog_id-690","17":"first","18":"instock","19":"sold-individually","20":"shipping-taxable","21":"product-type-simple"},"_links":{"self":[{"href":"https:\/\/stampcurio.com\/hu\/wp-json\/wp\/v2\/product\/6136","targetHints":{"allow":["GET"]}}],"collection":[{"href":"https:\/\/stampcurio.com\/hu\/wp-json\/wp\/v2\/product"}],"about":[{"href":"https:\/\/stampcurio.com\/hu\/wp-json\/wp\/v2\/types\/product"}],"wp:featuredmedia":[{"embeddable":true,"href":"https:\/\/stampcurio.com\/hu\/wp-json\/wp\/v2\/media\/11808"}],"wp:attachment":[{"href":"https:\/\/stampcurio.com\/hu\/wp-json\/wp\/v2\/media?parent=6136"}],"wp:term":[{"taxonomy":"product_brand","embeddable":true,"href":"https:\/\/stampcurio.com\/hu\/wp-json\/wp\/v2\/product_brand?post=6136"},{"taxonomy":"product_cat","embeddable":true,"href":"https:\/\/stampcurio.com\/hu\/wp-json\/wp\/v2\/product_cat?post=6136"},{"taxonomy":"product_tag","embeddable":true,"href":"https:\/\/stampcurio.com\/hu\/wp-json\/wp\/v2\/product_tag?post=6136"}],"curies":[{"name":"wp","href":"https:\/\/api.w.org\/{rel}","templated":true}]}}