{"id":6132,"date":"2023-11-20T22:08:14","date_gmt":"2023-11-20T21:08:14","guid":{"rendered":"http:\/\/stampcurio.com\/?post_type=product&#038;p=6132"},"modified":"2025-12-05T04:11:13","modified_gmt":"2025-12-05T03:11:13","slug":"1950-oteves-terv-xi-vizjellel-teljes-vagott-ivszeles-sor-phu-120-000-ft","status":"publish","type":"product","link":"https:\/\/stampcurio.com\/hu\/termek\/1950-oteves-terv-xi-vizjellel-teljes-vagott-ivszeles-sor-phu-120-000-ft\/","title":{"rendered":"1950 \u00f6t\u00e9ves terv XI. v\u00edzjellel &#8211; teljes v\u00e1gott \u00edvsz\u00e9les sor PHu 120.000+ Ft"},"content":{"rendered":"","protected":false},"excerpt":{"rendered":"","protected":false},"featured_media":10938,"template":"","meta":[],"product_brand":[],"product_cat":[73],"product_tag":[1044,116],"class_list":{"0":"post-6132","1":"product","2":"type-product","3":"status-publish","4":"has-post-thumbnail","6":"product_cat-magyarorszag-1st","7":"product_tag-1st-auction-hu","8":"product_tag-belyeg","9":"pa_costawert-689","11":"first","12":"instock","13":"sold-individually","14":"shipping-taxable","15":"product-type-simple"},"_links":{"self":[{"href":"https:\/\/stampcurio.com\/hu\/wp-json\/wp\/v2\/product\/6132","targetHints":{"allow":["GET"]}}],"collection":[{"href":"https:\/\/stampcurio.com\/hu\/wp-json\/wp\/v2\/product"}],"about":[{"href":"https:\/\/stampcurio.com\/hu\/wp-json\/wp\/v2\/types\/product"}],"wp:featuredmedia":[{"embeddable":true,"href":"https:\/\/stampcurio.com\/hu\/wp-json\/wp\/v2\/media\/10938"}],"wp:attachment":[{"href":"https:\/\/stampcurio.com\/hu\/wp-json\/wp\/v2\/media?parent=6132"}],"wp:term":[{"taxonomy":"product_brand","embeddable":true,"href":"https:\/\/stampcurio.com\/hu\/wp-json\/wp\/v2\/product_brand?post=6132"},{"taxonomy":"product_cat","embeddable":true,"href":"https:\/\/stampcurio.com\/hu\/wp-json\/wp\/v2\/product_cat?post=6132"},{"taxonomy":"product_tag","embeddable":true,"href":"https:\/\/stampcurio.com\/hu\/wp-json\/wp\/v2\/product_tag?post=6132"}],"curies":[{"name":"wp","href":"https:\/\/api.w.org\/{rel}","templated":true}]}}