{"id":6094,"date":"2023-11-20T22:01:44","date_gmt":"2023-11-20T21:01:44","guid":{"rendered":"http:\/\/stampcurio.com\/?post_type=product&#038;p=6094"},"modified":"2025-12-05T04:11:13","modified_gmt":"2025-12-05T03:11:13","slug":"1951-szamvizjeles-epuletek-belyegek-mbk-143-pont","status":"publish","type":"product","link":"https:\/\/stampcurio.com\/hu\/termek\/1951-szamvizjeles-epuletek-belyegek-mbk-143-pont\/","title":{"rendered":"1951 sz\u00e1mv\u00edzjeles \u00c9p\u00fcletek b\u00e9lyegek MBK 143 pont"},"content":{"rendered":"","protected":false},"excerpt":{"rendered":"","protected":false},"featured_media":11810,"template":"","meta":[],"product_brand":[],"product_cat":[73],"product_tag":[1044,116,1008,1041],"class_list":{"0":"post-6094","1":"product","2":"type-product","3":"status-publish","4":"has-post-thumbnail","6":"product_cat-magyarorszag-1st","7":"product_tag-1st-auction-hu","8":"product_tag-belyeg","9":"product_tag-ebay","10":"product_tag-marcophily-hu","11":"pa_catalog_id-688","13":"first","14":"instock","15":"sold-individually","16":"shipping-taxable","17":"product-type-simple"},"_links":{"self":[{"href":"https:\/\/stampcurio.com\/hu\/wp-json\/wp\/v2\/product\/6094","targetHints":{"allow":["GET"]}}],"collection":[{"href":"https:\/\/stampcurio.com\/hu\/wp-json\/wp\/v2\/product"}],"about":[{"href":"https:\/\/stampcurio.com\/hu\/wp-json\/wp\/v2\/types\/product"}],"wp:featuredmedia":[{"embeddable":true,"href":"https:\/\/stampcurio.com\/hu\/wp-json\/wp\/v2\/media\/11810"}],"wp:attachment":[{"href":"https:\/\/stampcurio.com\/hu\/wp-json\/wp\/v2\/media?parent=6094"}],"wp:term":[{"taxonomy":"product_brand","embeddable":true,"href":"https:\/\/stampcurio.com\/hu\/wp-json\/wp\/v2\/product_brand?post=6094"},{"taxonomy":"product_cat","embeddable":true,"href":"https:\/\/stampcurio.com\/hu\/wp-json\/wp\/v2\/product_cat?post=6094"},{"taxonomy":"product_tag","embeddable":true,"href":"https:\/\/stampcurio.com\/hu\/wp-json\/wp\/v2\/product_tag?post=6094"}],"curies":[{"name":"wp","href":"https:\/\/api.w.org\/{rel}","templated":true}]}}