{"id":6088,"date":"2023-11-20T21:55:20","date_gmt":"2023-11-20T20:55:20","guid":{"rendered":"http:\/\/stampcurio.com\/?post_type=product&#038;p=6088"},"modified":"2025-12-05T04:11:14","modified_gmt":"2025-12-05T03:11:14","slug":"1991-cept-teljes-iv-specimen-felulnyomassal-bal-ivszelen-kis-hiany-postatiszta","status":"publish","type":"product","link":"https:\/\/stampcurio.com\/hu\/termek\/1991-cept-teljes-iv-specimen-felulnyomassal-bal-ivszelen-kis-hiany-postatiszta\/","title":{"rendered":"1991 CEPT teljes \u00edv SPECIMEN fel\u00fclnyom\u00e1ssal &#8211; bal \u00edvsz\u00e9len kis hi\u00e1ny &#8211; postatiszta **"},"content":{"rendered":"","protected":false},"excerpt":{"rendered":"","protected":false},"featured_media":11789,"template":"","meta":[],"product_brand":[],"product_cat":[73],"product_tag":[1044,116],"class_list":{"0":"post-6088","1":"product","2":"type-product","3":"status-publish","4":"has-post-thumbnail","6":"product_cat-magyarorszag-1st","7":"product_tag-1st-auction-hu","8":"product_tag-belyeg","9":"pa_catalog_id-686","11":"first","12":"outofstock","13":"sold-individually","14":"shipping-taxable","15":"product-type-simple"},"_links":{"self":[{"href":"https:\/\/stampcurio.com\/hu\/wp-json\/wp\/v2\/product\/6088","targetHints":{"allow":["GET"]}}],"collection":[{"href":"https:\/\/stampcurio.com\/hu\/wp-json\/wp\/v2\/product"}],"about":[{"href":"https:\/\/stampcurio.com\/hu\/wp-json\/wp\/v2\/types\/product"}],"wp:featuredmedia":[{"embeddable":true,"href":"https:\/\/stampcurio.com\/hu\/wp-json\/wp\/v2\/media\/11789"}],"wp:attachment":[{"href":"https:\/\/stampcurio.com\/hu\/wp-json\/wp\/v2\/media?parent=6088"}],"wp:term":[{"taxonomy":"product_brand","embeddable":true,"href":"https:\/\/stampcurio.com\/hu\/wp-json\/wp\/v2\/product_brand?post=6088"},{"taxonomy":"product_cat","embeddable":true,"href":"https:\/\/stampcurio.com\/hu\/wp-json\/wp\/v2\/product_cat?post=6088"},{"taxonomy":"product_tag","embeddable":true,"href":"https:\/\/stampcurio.com\/hu\/wp-json\/wp\/v2\/product_tag?post=6088"}],"curies":[{"name":"wp","href":"https:\/\/api.w.org\/{rel}","templated":true}]}}