{"id":6085,"date":"2023-11-20T21:51:56","date_gmt":"2023-11-20T20:51:56","guid":{"rendered":"http:\/\/stampcurio.com\/?post_type=product&#038;p=6085"},"modified":"2025-12-05T04:11:15","modified_gmt":"2025-12-05T03:11:15","slug":"1887-angliabol-magyarorszagra-kuldott-dijjegyes-boritek-negy-fele-1-pennys-cimlettel-bermentesitve","status":"publish","type":"product","link":"https:\/\/stampcurio.com\/hu\/termek\/1887-angliabol-magyarorszagra-kuldott-dijjegyes-boritek-negy-fele-1-pennys-cimlettel-bermentesitve\/","title":{"rendered":"1887 Angli\u00e1b\u00f3l Magyarorsz\u00e1gra k\u00fcld\u00f6tt d\u00edjjegyes bor\u00edt\u00e9k n\u00e9gy (!) f\u00e9le 1 pennys c\u00edmlettel b\u00e9rmentes\u00edtve"},"content":{"rendered":"","protected":false},"excerpt":{"rendered":"","protected":false},"featured_media":11814,"template":"","meta":[],"product_brand":[],"product_cat":[180,73,193],"product_tag":[1044,116,74,89],"class_list":{"0":"post-6085","1":"product","2":"type-product","3":"status-publish","4":"has-post-thumbnail","6":"product_cat-egyesult-kiralysag-1st","7":"product_cat-magyarorszag-1st","8":"product_cat-szlovakia-1st","9":"product_tag-1st-auction-hu","10":"product_tag-belyeg","11":"product_tag-dijjegyes","12":"product_tag-postatortenet","13":"pa_catalog_id-685","15":"first","16":"outofstock","17":"sold-individually","18":"shipping-taxable","19":"product-type-simple"},"_links":{"self":[{"href":"https:\/\/stampcurio.com\/hu\/wp-json\/wp\/v2\/product\/6085","targetHints":{"allow":["GET"]}}],"collection":[{"href":"https:\/\/stampcurio.com\/hu\/wp-json\/wp\/v2\/product"}],"about":[{"href":"https:\/\/stampcurio.com\/hu\/wp-json\/wp\/v2\/types\/product"}],"wp:featuredmedia":[{"embeddable":true,"href":"https:\/\/stampcurio.com\/hu\/wp-json\/wp\/v2\/media\/11814"}],"wp:attachment":[{"href":"https:\/\/stampcurio.com\/hu\/wp-json\/wp\/v2\/media?parent=6085"}],"wp:term":[{"taxonomy":"product_brand","embeddable":true,"href":"https:\/\/stampcurio.com\/hu\/wp-json\/wp\/v2\/product_brand?post=6085"},{"taxonomy":"product_cat","embeddable":true,"href":"https:\/\/stampcurio.com\/hu\/wp-json\/wp\/v2\/product_cat?post=6085"},{"taxonomy":"product_tag","embeddable":true,"href":"https:\/\/stampcurio.com\/hu\/wp-json\/wp\/v2\/product_tag?post=6085"}],"curies":[{"name":"wp","href":"https:\/\/api.w.org\/{rel}","templated":true}]}}