{"id":6084,"date":"2023-11-20T21:31:09","date_gmt":"2023-11-20T20:31:09","guid":{"rendered":"http:\/\/stampcurio.com\/?post_type=product&#038;p=6084"},"modified":"2025-12-05T04:11:15","modified_gmt":"2025-12-05T03:11:15","slug":"1868-ddsg-magyar-okmanybelyegek-ritka-propeller-reni-hajobelyegzovel","status":"publish","type":"product","link":"https:\/\/stampcurio.com\/hu\/termek\/1868-ddsg-magyar-okmanybelyegek-ritka-propeller-reni-hajobelyegzovel\/","title":{"rendered":"1868 DDSG &#8211; magyar okm\u00e1nyb\u00e9lyegek ritka PROPELLER RENI haj\u00f3b\u00e9lyegz\u0151vel"},"content":{"rendered":"","protected":false},"excerpt":{"rendered":"","protected":false},"featured_media":11824,"template":"","meta":[],"product_brand":[],"product_cat":[60,73,105],"product_tag":[1044,323,67,282],"class_list":{"0":"post-6084","1":"product","2":"type-product","3":"status-publish","4":"has-post-thumbnail","6":"product_cat-ausztria-1st","7":"product_cat-magyarorszag-1st","8":"product_cat-romania-1st","9":"product_tag-1st-auction-hu","10":"product_tag-ddsg","11":"product_tag-marcofilatelia","12":"product_tag-okmanybelyeg","13":"pa_catalog_id-684","15":"first","16":"outofstock","17":"sold-individually","18":"shipping-taxable","19":"product-type-simple"},"_links":{"self":[{"href":"https:\/\/stampcurio.com\/hu\/wp-json\/wp\/v2\/product\/6084","targetHints":{"allow":["GET"]}}],"collection":[{"href":"https:\/\/stampcurio.com\/hu\/wp-json\/wp\/v2\/product"}],"about":[{"href":"https:\/\/stampcurio.com\/hu\/wp-json\/wp\/v2\/types\/product"}],"wp:featuredmedia":[{"embeddable":true,"href":"https:\/\/stampcurio.com\/hu\/wp-json\/wp\/v2\/media\/11824"}],"wp:attachment":[{"href":"https:\/\/stampcurio.com\/hu\/wp-json\/wp\/v2\/media?parent=6084"}],"wp:term":[{"taxonomy":"product_brand","embeddable":true,"href":"https:\/\/stampcurio.com\/hu\/wp-json\/wp\/v2\/product_brand?post=6084"},{"taxonomy":"product_cat","embeddable":true,"href":"https:\/\/stampcurio.com\/hu\/wp-json\/wp\/v2\/product_cat?post=6084"},{"taxonomy":"product_tag","embeddable":true,"href":"https:\/\/stampcurio.com\/hu\/wp-json\/wp\/v2\/product_tag?post=6084"}],"curies":[{"name":"wp","href":"https:\/\/api.w.org\/{rel}","templated":true}]}}