{"id":6016,"date":"2023-11-20T21:27:36","date_gmt":"2023-11-20T20:27:36","guid":{"rendered":"http:\/\/stampcurio.com\/?post_type=product&#038;p=6016"},"modified":"2025-12-05T04:11:15","modified_gmt":"2025-12-05T03:11:15","slug":"1947-repulo-iv-luxus-ivszeli-vagott-postatiszta-sor-phu-80-000-ft","status":"publish","type":"product","link":"https:\/\/stampcurio.com\/hu\/termek\/1947-repulo-iv-luxus-ivszeli-vagott-postatiszta-sor-phu-80-000-ft\/","title":{"rendered":"1947 Rep\u00fcl\u0151 IV. luxus \u00edvsz\u00e9li v\u00e1gott postatiszta ** sor PHu 80.000 Ft"},"content":{"rendered":"","protected":false},"excerpt":{"rendered":"","protected":false},"featured_media":11821,"template":"","meta":[],"product_brand":[],"product_cat":[73],"product_tag":[1044,116,115],"class_list":{"0":"post-6016","1":"product","2":"type-product","3":"status-publish","4":"has-post-thumbnail","6":"product_cat-magyarorszag-1st","7":"product_tag-1st-auction-hu","8":"product_tag-belyeg","9":"product_tag-legiposta","10":"pa_catalog_id-683","12":"first","13":"outofstock","14":"sold-individually","15":"shipping-taxable","16":"product-type-simple"},"_links":{"self":[{"href":"https:\/\/stampcurio.com\/hu\/wp-json\/wp\/v2\/product\/6016","targetHints":{"allow":["GET"]}}],"collection":[{"href":"https:\/\/stampcurio.com\/hu\/wp-json\/wp\/v2\/product"}],"about":[{"href":"https:\/\/stampcurio.com\/hu\/wp-json\/wp\/v2\/types\/product"}],"wp:featuredmedia":[{"embeddable":true,"href":"https:\/\/stampcurio.com\/hu\/wp-json\/wp\/v2\/media\/11821"}],"wp:attachment":[{"href":"https:\/\/stampcurio.com\/hu\/wp-json\/wp\/v2\/media?parent=6016"}],"wp:term":[{"taxonomy":"product_brand","embeddable":true,"href":"https:\/\/stampcurio.com\/hu\/wp-json\/wp\/v2\/product_brand?post=6016"},{"taxonomy":"product_cat","embeddable":true,"href":"https:\/\/stampcurio.com\/hu\/wp-json\/wp\/v2\/product_cat?post=6016"},{"taxonomy":"product_tag","embeddable":true,"href":"https:\/\/stampcurio.com\/hu\/wp-json\/wp\/v2\/product_tag?post=6016"}],"curies":[{"name":"wp","href":"https:\/\/api.w.org\/{rel}","templated":true}]}}