{"id":6004,"date":"2023-11-20T20:58:59","date_gmt":"2023-11-20T19:58:59","guid":{"rendered":"http:\/\/stampcurio.com\/?post_type=product&#038;p=6004"},"modified":"2025-12-05T04:11:16","modified_gmt":"2025-12-05T03:11:16","slug":"1874-franciaorszag-levante-konstantinapolybol-lyonba-kuldott-boritek-erdekes-bm-ovalis-belyegzessel","status":"publish","type":"product","link":"https:\/\/stampcurio.com\/hu\/termek\/1874-franciaorszag-levante-konstantinapolybol-lyonba-kuldott-boritek-erdekes-bm-ovalis-belyegzessel\/","title":{"rendered":"1874 Franciaorsz\u00e1g Levante &#8211; Konstantin\u00e1polyb\u00f3l Lyonba k\u00fcld\u00f6tt bor\u00edt\u00e9k \u00e9rdekes BM ov\u00e1lis b\u00e9lyegz\u00e9ssel"},"content":{"rendered":"","protected":false},"excerpt":{"rendered":"","protected":false},"featured_media":11786,"template":"","meta":[],"product_brand":[],"product_cat":[122,365],"product_tag":[1044,187,67,89],"class_list":{"0":"post-6004","1":"product","2":"type-product","3":"status-publish","4":"has-post-thumbnail","6":"product_cat-franciaorszag-1st","7":"product_cat-torokorszag-1st","8":"product_tag-1st-auction-hu","9":"product_tag-levante","10":"product_tag-marcofilatelia","11":"product_tag-postatortenet","12":"pa_catalog_id-682","14":"first","15":"outofstock","16":"sold-individually","17":"shipping-taxable","18":"product-type-simple"},"_links":{"self":[{"href":"https:\/\/stampcurio.com\/hu\/wp-json\/wp\/v2\/product\/6004","targetHints":{"allow":["GET"]}}],"collection":[{"href":"https:\/\/stampcurio.com\/hu\/wp-json\/wp\/v2\/product"}],"about":[{"href":"https:\/\/stampcurio.com\/hu\/wp-json\/wp\/v2\/types\/product"}],"wp:featuredmedia":[{"embeddable":true,"href":"https:\/\/stampcurio.com\/hu\/wp-json\/wp\/v2\/media\/11786"}],"wp:attachment":[{"href":"https:\/\/stampcurio.com\/hu\/wp-json\/wp\/v2\/media?parent=6004"}],"wp:term":[{"taxonomy":"product_brand","embeddable":true,"href":"https:\/\/stampcurio.com\/hu\/wp-json\/wp\/v2\/product_brand?post=6004"},{"taxonomy":"product_cat","embeddable":true,"href":"https:\/\/stampcurio.com\/hu\/wp-json\/wp\/v2\/product_cat?post=6004"},{"taxonomy":"product_tag","embeddable":true,"href":"https:\/\/stampcurio.com\/hu\/wp-json\/wp\/v2\/product_tag?post=6004"}],"curies":[{"name":"wp","href":"https:\/\/api.w.org\/{rel}","templated":true}]}}