{"id":5980,"date":"2023-11-20T20:51:03","date_gmt":"2023-11-20T19:51:03","guid":{"rendered":"http:\/\/stampcurio.com\/?post_type=product&#038;p=5980"},"modified":"2025-12-05T04:11:16","modified_gmt":"2025-12-05T03:11:16","slug":"1858-piros-nagy-alaku-andraskereszt-az-ivnegyed-szamat-jelzo-feher-folttal-postatiszta-ferchenbauer-125-eur","status":"publish","type":"product","link":"https:\/\/stampcurio.com\/hu\/termek\/1858-piros-nagy-alaku-andraskereszt-az-ivnegyed-szamat-jelzo-feher-folttal-postatiszta-ferchenbauer-125-eur\/","title":{"rendered":"1858 piros nagy alak\u00fa andr\u00e1skereszt az \u00edvnegyed sz\u00e1m\u00e1t jelz\u0151 feh\u00e9r folttal, postatiszta * Ferchenbauer 125 EUR"},"content":{"rendered":"","protected":false},"excerpt":{"rendered":"","protected":false},"featured_media":11817,"template":"","meta":[],"product_brand":[],"product_cat":[60],"product_tag":[1044,116],"class_list":{"0":"post-5980","1":"product","2":"type-product","3":"status-publish","4":"has-post-thumbnail","6":"product_cat-ausztria-1st","7":"product_tag-1st-auction-hu","8":"product_tag-belyeg","9":"pa_catalog_id-681","11":"first","12":"outofstock","13":"sold-individually","14":"shipping-taxable","15":"product-type-simple"},"_links":{"self":[{"href":"https:\/\/stampcurio.com\/hu\/wp-json\/wp\/v2\/product\/5980","targetHints":{"allow":["GET"]}}],"collection":[{"href":"https:\/\/stampcurio.com\/hu\/wp-json\/wp\/v2\/product"}],"about":[{"href":"https:\/\/stampcurio.com\/hu\/wp-json\/wp\/v2\/types\/product"}],"wp:featuredmedia":[{"embeddable":true,"href":"https:\/\/stampcurio.com\/hu\/wp-json\/wp\/v2\/media\/11817"}],"wp:attachment":[{"href":"https:\/\/stampcurio.com\/hu\/wp-json\/wp\/v2\/media?parent=5980"}],"wp:term":[{"taxonomy":"product_brand","embeddable":true,"href":"https:\/\/stampcurio.com\/hu\/wp-json\/wp\/v2\/product_brand?post=5980"},{"taxonomy":"product_cat","embeddable":true,"href":"https:\/\/stampcurio.com\/hu\/wp-json\/wp\/v2\/product_cat?post=5980"},{"taxonomy":"product_tag","embeddable":true,"href":"https:\/\/stampcurio.com\/hu\/wp-json\/wp\/v2\/product_tag?post=5980"}],"curies":[{"name":"wp","href":"https:\/\/api.w.org\/{rel}","templated":true}]}}