{"id":5964,"date":"2023-11-20T20:43:42","date_gmt":"2023-11-20T19:43:42","guid":{"rendered":"http:\/\/stampcurio.com\/?post_type=product&#038;p=5964"},"modified":"2025-12-05T04:11:17","modified_gmt":"2025-12-05T03:11:17","slug":"1939-szep-azonos-szinu-vegyes-bermentesites-komarombol-indiaba-kuldott-legiposta-boritekon","status":"publish","type":"product","link":"https:\/\/stampcurio.com\/hu\/termek\/1939-szep-azonos-szinu-vegyes-bermentesites-komarombol-indiaba-kuldott-legiposta-boritekon\/","title":{"rendered":"1939 sz\u00e9p azonos sz\u00edn\u0171 vegyes b\u00e9rmentes\u00edt\u00e9s Kom\u00e1romb\u00f3l Indi\u00e1ba k\u00fcld\u00f6tt l\u00e9giposta bor\u00edt\u00e9kon"},"content":{"rendered":"","protected":false},"excerpt":{"rendered":"","protected":false},"featured_media":5974,"template":"","meta":[],"product_brand":[],"product_cat":[342,73],"product_tag":[1044,116,115,89,172],"class_list":{"0":"post-5964","1":"product","2":"type-product","3":"status-publish","4":"has-post-thumbnail","6":"product_cat-india-1st","7":"product_cat-magyarorszag-1st","8":"product_tag-1st-auction-hu","9":"product_tag-belyeg","10":"product_tag-legiposta","11":"product_tag-postatortenet","12":"product_tag-vegyes-bermentesites","13":"pa_catalog_id-680","15":"first","16":"outofstock","17":"sold-individually","18":"shipping-taxable","19":"product-type-simple"},"_links":{"self":[{"href":"https:\/\/stampcurio.com\/hu\/wp-json\/wp\/v2\/product\/5964","targetHints":{"allow":["GET"]}}],"collection":[{"href":"https:\/\/stampcurio.com\/hu\/wp-json\/wp\/v2\/product"}],"about":[{"href":"https:\/\/stampcurio.com\/hu\/wp-json\/wp\/v2\/types\/product"}],"wp:featuredmedia":[{"embeddable":true,"href":"https:\/\/stampcurio.com\/hu\/wp-json\/wp\/v2\/media\/5974"}],"wp:attachment":[{"href":"https:\/\/stampcurio.com\/hu\/wp-json\/wp\/v2\/media?parent=5964"}],"wp:term":[{"taxonomy":"product_brand","embeddable":true,"href":"https:\/\/stampcurio.com\/hu\/wp-json\/wp\/v2\/product_brand?post=5964"},{"taxonomy":"product_cat","embeddable":true,"href":"https:\/\/stampcurio.com\/hu\/wp-json\/wp\/v2\/product_cat?post=5964"},{"taxonomy":"product_tag","embeddable":true,"href":"https:\/\/stampcurio.com\/hu\/wp-json\/wp\/v2\/product_tag?post=5964"}],"curies":[{"name":"wp","href":"https:\/\/api.w.org\/{rel}","templated":true}]}}